{"id":20437,"date":"2021-07-09T10:10:29","date_gmt":"2021-07-09T02:10:29","guid":{"rendered":"https:\/\/worthspark.com\/?post_type=product&#038;p=20437"},"modified":"2022-07-22T15:56:21","modified_gmt":"2022-07-22T07:56:21","slug":"mini-key-usb","status":"publish","type":"product","link":"https:\/\/worthspark.com\/de\/produkt\/mini-key-usb\/","title":{"rendered":"Mini-Massenspeicher-Sticks aus Metall"},"content":{"rendered":"<p><strong>Mini-Sticks aus Metall<\/strong><\/p>\n<p>Dies ist das beliebteste USB-Flash-Laufwerk auf dem Markt. Die Metallform des Mini, usb2.\/3.0, A-Level-Chip, macht die \u00dcbertragung schneller. Die Kapazit\u00e4t von 2GB-256GB ist verf\u00fcgbar. Es wird h\u00e4ufig f\u00fcr Werbeaktivit\u00e4ten, gesch\u00e4ftliche Zusammenarbeit usw. verwendet. Wertspark Fokus auf die Herstellung von Massen-Flash-Laufwerken und anderen elektronischen Geschenken f\u00fcr 12 Jahre<\/p>","protected":false},"excerpt":{"rendered":"<div><span class=\"text-only\" data-eleid=\"4\"><strong>Schalenmaterial<\/strong>: Metall<\/span><\/div>\n<div><span class=\"text-only\" data-eleid=\"6\"><strong>Gr\u00f6\u00dfe<\/strong>: 39*12*4mm<\/span><\/div>\n<div><span class=\"text-only\" data-eleid=\"8\"><strong>Wight<\/strong>: 4g<\/span><\/div>\n<div><span class=\"text-only\" data-eleid=\"10\"><strong>Kapazit\u00e4t<\/strong>: 1GB,2GB,4GB,8GB,16GB,32GB,64GB,128GB<\/span><\/div>\n<div><span class=\"text-only\" data-eleid=\"12\"><strong>Speicherkarte<\/strong>: Samsung\/Toshiba\/Intel\/Hynix<\/span><\/div>\n<div><span class=\"text-only\" data-eleid=\"14\"><strong>Logo<\/strong>: Kundenspezifisches Logo<\/span><\/div>\n<div><span class=\"text-only\" data-eleid=\"16\"><strong>Oberfl\u00e4chentyp<\/strong>: Hochgeschwindigkeits-USB 2.0\/3.0<\/span><\/div>\n<div><span class=\"text-only\" data-eleid=\"18\"><strong>Betriebssystem<\/strong>: Windows XP, Windows 7 oder h\u00f6her, Linux<\/span><\/div>\n<div><span class=\"text-only\" data-eleid=\"20\"><strong>Zertifikat<\/strong>: CER, FCC ROHS<\/span><\/div>","protected":false},"featured_media":20870,"template":"","meta":[],"product_cat":[124,136,123],"product_tag":[],"_links":{"self":[{"href":"https:\/\/worthspark.com\/de\/wp-json\/wp\/v2\/product\/20437"}],"collection":[{"href":"https:\/\/worthspark.com\/de\/wp-json\/wp\/v2\/product"}],"about":[{"href":"https:\/\/worthspark.com\/de\/wp-json\/wp\/v2\/types\/product"}],"wp:featuredmedia":[{"embeddable":true,"href":"https:\/\/worthspark.com\/de\/wp-json\/wp\/v2\/media\/20870"}],"wp:attachment":[{"href":"https:\/\/worthspark.com\/de\/wp-json\/wp\/v2\/media?parent=20437"}],"wp:term":[{"taxonomy":"product_cat","embeddable":true,"href":"https:\/\/worthspark.com\/de\/wp-json\/wp\/v2\/product_cat?post=20437"},{"taxonomy":"product_tag","embeddable":true,"href":"https:\/\/worthspark.com\/de\/wp-json\/wp\/v2\/product_tag?post=20437"}],"curies":[{"name":"wp","href":"https:\/\/api.w.org\/{rel}","templated":true}]}}