{"id":21195,"date":"2021-08-12T11:10:04","date_gmt":"2021-08-12T03:10:04","guid":{"rendered":"https:\/\/worthspark.com\/?post_type=product&#038;p=21195"},"modified":"2021-11-10T16:56:50","modified_gmt":"2021-11-10T08:56:50","slug":"push-pull-metal-usb-disk","status":"publish","type":"product","link":"https:\/\/worthspark.com\/de\/produkt\/push-pull-metal-usb-disk\/","title":{"rendered":"Push-Pull-USB-Festplatte aus Metall"},"content":{"rendered":"<p><strong>Push-Pull-USB-Festplatte aus Metall<\/strong><\/p>\n<p>Das Mini-Form-Design erm\u00f6glicht es Ihnen, den Kontaktteil des USB-Flash-Laufwerks im USB-Flash-Laufwerk zu verstecken, wenn Sie es nicht verwenden, und es f\u00fchlt sich nicht zu gro\u00df an, wenn Sie es am Schl\u00fcsselbund aufh\u00e4ngen. Dieses USB-Flash-Laufwerk verwendet einen A-Level-Chip mit einer Kapazit\u00e4t von 2 GB bis 256 GB. F\u00fcr Auswahl, Unterst\u00fctzung von Logo- und Verpackungsanpassungen k\u00f6nnen Sie sich gerne an uns wenden<\/p>","protected":false},"excerpt":{"rendered":"<div data-zone-id=\"0\" data-line-index=\"1\">\n<div data-zone-id=\"0\" data-line-index=\"0\">Produktmodell: MU739<\/div>\n<\/div>\n<div data-zone-id=\"0\" data-line-index=\"1\">Schalenmaterial: Metall<\/div>\n<div data-zone-id=\"0\" data-line-index=\"2\">Gr\u00f6\u00dfe: 33*20*7mm<\/div>\n<div data-zone-id=\"0\" data-line-index=\"3\">Gewicht: 7g<\/div>\n<div data-zone-id=\"0\" data-line-index=\"4\">Kapazit\u00e4t: 1 GB, 2 GB, 4 FB, 8 GB, 16 GB, 32 GB, 64 GB, 128 GB, 256 GB<\/div>\n<div data-zone-id=\"0\" data-line-index=\"5\">Speicherchip: Samsung\/Toshiba\/Intel\/Hynix<\/div>\n<div data-zone-id=\"0\" data-line-index=\"6\">Logo: Kundenspezifisches Logo<\/div>\n<div data-zone-id=\"0\" data-line-index=\"7\">Schnittstellentyp: Hochgeschwindigkeits-USB 2.0\/3.0<\/div>\n<div data-zone-id=\"0\" data-line-index=\"8\">Betriebssystem: Windows XP, Windows 7 oder h\u00f6her, Linux<\/div>\n<div data-zone-id=\"0\" data-line-index=\"9\">\n<p>Zertifikat: CE, FCC ROHS<\/p>\n<div data-zone-id=\"0\" data-line-index=\"0\">Modellnummer: MU739<\/div>\n<div data-zone-id=\"0\" data-line-index=\"1\">Schalenmaterial: Metall<\/div>\n<div data-zone-id=\"0\" data-line-index=\"2\">Gr\u00f6\u00dfe: 33*20*7mm<\/div>\n<div data-zone-id=\"0\" data-line-index=\"3\">Gewicht: 7g<\/div>\n<div data-zone-id=\"0\" data-line-index=\"4\">Kapazit\u00e4t: 1 GB, 2 GB, 4 FB, 8 GB, 16 GB, 32 GB, 64 GB, 128 GB, 256 GB<\/div>\n<div data-zone-id=\"0\" data-line-index=\"5\">Speicherchip: Samsung\/Toshiba\/Intel\/Hynix<\/div>\n<div data-zone-id=\"0\" data-line-index=\"6\">Logo: Kundenspezifisches Logo<\/div>\n<div data-zone-id=\"0\" data-line-index=\"7\">Schnittstellentyp: Hochgeschwindigkeits-USB 2.0\/3.0<\/div>\n<div data-zone-id=\"0\" data-line-index=\"8\">Betriebssystem: Windows XP, Windows 7 oder h\u00f6her, Linux<\/div>\n<div data-zone-id=\"0\" data-line-index=\"9\">Zertifikat: CE, FCC ROHS<\/div>\n<\/div>","protected":false},"featured_media":21820,"template":"","meta":[],"product_cat":[123,124,137],"product_tag":[],"_links":{"self":[{"href":"https:\/\/worthspark.com\/de\/wp-json\/wp\/v2\/product\/21195"}],"collection":[{"href":"https:\/\/worthspark.com\/de\/wp-json\/wp\/v2\/product"}],"about":[{"href":"https:\/\/worthspark.com\/de\/wp-json\/wp\/v2\/types\/product"}],"wp:featuredmedia":[{"embeddable":true,"href":"https:\/\/worthspark.com\/de\/wp-json\/wp\/v2\/media\/21820"}],"wp:attachment":[{"href":"https:\/\/worthspark.com\/de\/wp-json\/wp\/v2\/media?parent=21195"}],"wp:term":[{"taxonomy":"product_cat","embeddable":true,"href":"https:\/\/worthspark.com\/de\/wp-json\/wp\/v2\/product_cat?post=21195"},{"taxonomy":"product_tag","embeddable":true,"href":"https:\/\/worthspark.com\/de\/wp-json\/wp\/v2\/product_tag?post=21195"}],"curies":[{"name":"wp","href":"https:\/\/api.w.org\/{rel}","templated":true}]}}