{"id":21198,"date":"2021-08-12T11:16:45","date_gmt":"2021-08-12T03:16:45","guid":{"rendered":"https:\/\/worthspark.com\/?post_type=product&#038;p=21198"},"modified":"2021-11-10T16:50:55","modified_gmt":"2021-11-10T08:50:55","slug":"custom-metal-card-usb","status":"publish","type":"product","link":"https:\/\/worthspark.com\/de\/produkt\/custom-metal-card-usb\/","title":{"rendered":"Benutzerdefinierte Metallkarte USB"},"content":{"rendered":"<p><strong>Metallkarte USB<\/strong><\/p>\n<p>Das Metallschalendesign kann das USB-Flash-Laufwerk besser sch\u00fctzen. Der USB-Stick f\u00fcr die Kreditkarte l\u00e4sst sich einfach in der Brieftasche mitnehmen. Logo und Werbeinformationen k\u00f6nnen auf die Karte gedruckt werden. Es ist eine gute Wahl f\u00fcr Werbung, gesch\u00e4ftliche Zusammenarbeit und Visitenkarten. Das USB-Flash-Laufwerk verf\u00fcgt \u00fcber einen integrierten A-Grade-Chip, eine Kapazit\u00e4t von 2 GB bis 256 GB ist verf\u00fcgbar, gerne konsultieren und anpassen<\/p>","protected":false},"excerpt":{"rendered":"<div data-zone-id=\"0\" data-line-index=\"1\">\n<div data-zone-id=\"0\" data-line-index=\"0\">Produktmodell: MU829<\/div>\n<\/div>\n<div data-zone-id=\"0\" data-line-index=\"1\">Schalenmaterial: Metall<\/div>\n<div data-zone-id=\"0\" data-line-index=\"2\">Gr\u00f6\u00dfe: 87*55*2.5mm<\/div>\n<div data-zone-id=\"0\" data-line-index=\"3\">Gewicht: 16g<\/div>\n<div data-zone-id=\"0\" data-line-index=\"4\">Kapazit\u00e4t: 1 GB, 2 GB, 4 FB, 8 GB, 16 GB, 32 GB, 64 GB, 128 GB, 256 GB<\/div>\n<div data-zone-id=\"0\" data-line-index=\"5\">Speicherchip: Samsung\/Toshiba\/Intel\/Hynix<\/div>\n<div data-zone-id=\"0\" data-line-index=\"6\">Logo: Kundenspezifisches Logo<\/div>\n<div data-zone-id=\"0\" data-line-index=\"7\">Schnittstellentyp: Hochgeschwindigkeits-USB 2.0\/3.0<\/div>\n<div data-zone-id=\"0\" data-line-index=\"8\">Betriebssystem: Windows XP, Windows 7 oder h\u00f6her, Linux<\/div>\n<div data-zone-id=\"0\" data-line-index=\"9\">Zertifikat: CE, FCC ROHS<\/div>","protected":false},"featured_media":21828,"template":"","meta":[],"product_cat":[124,137,123],"product_tag":[],"_links":{"self":[{"href":"https:\/\/worthspark.com\/de\/wp-json\/wp\/v2\/product\/21198"}],"collection":[{"href":"https:\/\/worthspark.com\/de\/wp-json\/wp\/v2\/product"}],"about":[{"href":"https:\/\/worthspark.com\/de\/wp-json\/wp\/v2\/types\/product"}],"wp:featuredmedia":[{"embeddable":true,"href":"https:\/\/worthspark.com\/de\/wp-json\/wp\/v2\/media\/21828"}],"wp:attachment":[{"href":"https:\/\/worthspark.com\/de\/wp-json\/wp\/v2\/media?parent=21198"}],"wp:term":[{"taxonomy":"product_cat","embeddable":true,"href":"https:\/\/worthspark.com\/de\/wp-json\/wp\/v2\/product_cat?post=21198"},{"taxonomy":"product_tag","embeddable":true,"href":"https:\/\/worthspark.com\/de\/wp-json\/wp\/v2\/product_tag?post=21198"}],"curies":[{"name":"wp","href":"https:\/\/api.w.org\/{rel}","templated":true}]}}