{"id":21202,"date":"2021-08-12T11:23:02","date_gmt":"2021-08-12T03:23:02","guid":{"rendered":"https:\/\/worthspark.com\/?post_type=product&#038;p=21202"},"modified":"2021-11-10T16:47:36","modified_gmt":"2021-11-10T08:47:36","slug":"micro-flip-wallet-card-usb","status":"publish","type":"product","link":"https:\/\/worthspark.com\/de\/produkt\/micro-flip-wallet-card-usb\/","title":{"rendered":"Micro Flip Wallet USB-Karte"},"content":{"rendered":"<p><strong>Flip Wallet USB-Karte<\/strong><\/p>\n<p>Die Karte und der USB-Stick sind integriert. Kreditkarten-USB-Stick ist bequem in der Brieftasche zu tragen. Logo und Werbeinformationen k\u00f6nnen auf die Karte gedruckt werden. Es ist eine gute Wahl f\u00fcr Werbung, gesch\u00e4ftliche Zusammenarbeit und Visitenkarten. Die Flip Wallet USB-Karte verf\u00fcgt \u00fcber einen integrierten A-Level-Chip, 2 GB -256 GB Kapazit\u00e4t sind verf\u00fcgbar, gerne konsultieren und anpassen<\/p>\n<p>&nbsp;<\/p>","protected":false},"excerpt":{"rendered":"<div data-zone-id=\"0\" data-line-index=\"0\">\n<div data-zone-id=\"0\" data-line-index=\"0\">Produktmodell: MU204<\/div>\n<\/div>\n<div data-zone-id=\"0\" data-line-index=\"0\">Schalenmaterial: ABS<\/div>\n<div data-zone-id=\"0\" data-line-index=\"1\">Gr\u00f6\u00dfe: 84*52*3mm<\/div>\n<div data-zone-id=\"0\" data-line-index=\"2\">Gewicht: 10g<\/div>\n<div data-zone-id=\"0\" data-line-index=\"3\">Kapazit\u00e4t: 1 GB, 2 GB, 4 FB, 8 GB, 16 GB, 32 GB, 64 GB, 128 GB, 256 GB<\/div>\n<div data-zone-id=\"0\" data-line-index=\"4\">Speicherchip: Samsung\/Toshiba\/Intel\/Hynix<\/div>\n<div data-zone-id=\"0\" data-line-index=\"5\">Logo: Kundenspezifisches Logo<\/div>\n<div data-zone-id=\"0\" data-line-index=\"6\">Schnittstellentyp: Hochgeschwindigkeits-USB 2.0\/3.0<\/div>\n<div data-zone-id=\"0\" data-line-index=\"7\">Betriebssystem: Windows XP, Windows 7 oder h\u00f6her, Linux<\/div>\n<div data-zone-id=\"0\" data-line-index=\"8\">Zertifikat: CE, FCC ROHS<\/div>","protected":false},"featured_media":21698,"template":"","meta":[],"product_cat":[123,124,136],"product_tag":[],"_links":{"self":[{"href":"https:\/\/worthspark.com\/de\/wp-json\/wp\/v2\/product\/21202"}],"collection":[{"href":"https:\/\/worthspark.com\/de\/wp-json\/wp\/v2\/product"}],"about":[{"href":"https:\/\/worthspark.com\/de\/wp-json\/wp\/v2\/types\/product"}],"wp:featuredmedia":[{"embeddable":true,"href":"https:\/\/worthspark.com\/de\/wp-json\/wp\/v2\/media\/21698"}],"wp:attachment":[{"href":"https:\/\/worthspark.com\/de\/wp-json\/wp\/v2\/media?parent=21202"}],"wp:term":[{"taxonomy":"product_cat","embeddable":true,"href":"https:\/\/worthspark.com\/de\/wp-json\/wp\/v2\/product_cat?post=21202"},{"taxonomy":"product_tag","embeddable":true,"href":"https:\/\/worthspark.com\/de\/wp-json\/wp\/v2\/product_tag?post=21202"}],"curies":[{"name":"wp","href":"https:\/\/api.w.org\/{rel}","templated":true}]}}