{"id":21205,"date":"2021-08-12T11:28:22","date_gmt":"2021-08-12T03:28:22","guid":{"rendered":"https:\/\/worthspark.com\/?post_type=product&#038;p=21205"},"modified":"2021-11-10T16:40:34","modified_gmt":"2021-11-10T08:40:34","slug":"key-usb-flash-drive","status":"publish","type":"product","link":"https:\/\/worthspark.com\/de\/produkt\/key-usb-flash-drive\/","title":{"rendered":"Schl\u00fcssel USB-Flash-Laufwerk"},"content":{"rendered":"<p><strong>Schl\u00fcssel USB-Flash-Laufwerk<\/strong><\/p>\n<p>Der schl\u00fcsself\u00f6rmige Pendrive, das Schl\u00fcsselbund-Design ist leicht zu tragen, der A-Level-Chip wird mit USB 2.0 \/ 3.0 geliefert, so dass die \u00dcbertragungsgeschwindigkeit des USB-Flash-Laufwerks h\u00f6her ist. Der Preis ist g\u00fcnstig, es ist eine gute Wahl f\u00fcr die Veranstaltungswerbung, gerne konsultieren und anpassen<\/p>","protected":false},"excerpt":{"rendered":"<div data-zone-id=\"0\" data-line-index=\"0\">\n<div data-zone-id=\"0\" data-line-index=\"0\">Produktmodell: MU218<\/div>\n<\/div>\n<div data-zone-id=\"0\" data-line-index=\"0\">Schalenmaterial: Metall<\/div>\n<div data-zone-id=\"0\" data-line-index=\"1\">Gr\u00f6\u00dfe: 56*23*4mm<\/div>\n<div data-zone-id=\"0\" data-line-index=\"2\">Gewicht: 5g<\/div>\n<div data-zone-id=\"0\" data-line-index=\"3\">Kapazit\u00e4t: 1 GB, 2 GB, 4 FB, 8 GB, 16 GB, 32 GB, 64 GB, 128 GB, 256 GB<\/div>\n<div data-zone-id=\"0\" data-line-index=\"4\">Speicherchip: Samsung\/Toshiba\/Intel\/Hynix<\/div>\n<div data-zone-id=\"0\" data-line-index=\"5\">Logo: Kundenspezifisches Logo<\/div>\n<div data-zone-id=\"0\" data-line-index=\"6\">Schnittstellentyp: Hochgeschwindigkeits-USB 2.0\/3.0<\/div>\n<div data-zone-id=\"0\" data-line-index=\"7\">Betriebssystem: Windows XP, Windows 7 oder h\u00f6her, Linux<\/div>\n<div data-zone-id=\"0\" data-line-index=\"8\">Zertifikat: CE, FCC ROHS<\/div>","protected":false},"featured_media":21714,"template":"","meta":[],"product_cat":[124,136,123],"product_tag":[],"_links":{"self":[{"href":"https:\/\/worthspark.com\/de\/wp-json\/wp\/v2\/product\/21205"}],"collection":[{"href":"https:\/\/worthspark.com\/de\/wp-json\/wp\/v2\/product"}],"about":[{"href":"https:\/\/worthspark.com\/de\/wp-json\/wp\/v2\/types\/product"}],"wp:featuredmedia":[{"embeddable":true,"href":"https:\/\/worthspark.com\/de\/wp-json\/wp\/v2\/media\/21714"}],"wp:attachment":[{"href":"https:\/\/worthspark.com\/de\/wp-json\/wp\/v2\/media?parent=21205"}],"wp:term":[{"taxonomy":"product_cat","embeddable":true,"href":"https:\/\/worthspark.com\/de\/wp-json\/wp\/v2\/product_cat?post=21205"},{"taxonomy":"product_tag","embeddable":true,"href":"https:\/\/worthspark.com\/de\/wp-json\/wp\/v2\/product_tag?post=21205"}],"curies":[{"name":"wp","href":"https:\/\/api.w.org\/{rel}","templated":true}]}}