{"id":21207,"date":"2021-08-12T11:33:29","date_gmt":"2021-08-12T03:33:29","guid":{"rendered":"https:\/\/worthspark.com\/?post_type=product&#038;p=21207"},"modified":"2021-11-10T16:36:09","modified_gmt":"2021-11-10T08:36:09","slug":"leather-usb-stick","status":"publish","type":"product","link":"https:\/\/worthspark.com\/de\/produkt\/leather-usb-stick\/","title":{"rendered":"USB-Stick aus Leder"},"content":{"rendered":"<p><strong>USB-Stick aus Leder<\/strong><\/p>\n<p>Dies ist ein USB-Stick mit einer Lederschutzh\u00fclle + Metallgeh\u00e4use. Das Design der Lederschutzh\u00fclle kann den USB-Stick besser sch\u00fctzen und das Schl\u00fcsselbund-Design ist leicht zu tragen. Der A-Level-Chip kommt mit usb2.0\/3.0, wodurch die USB-Laufwerks\u00fcbertragung schneller wird.<\/p>","protected":false},"excerpt":{"rendered":"<div data-zone-id=\"0\" data-line-index=\"0\">Produktmodell: MU024<\/div>\n<div data-zone-id=\"0\" data-line-index=\"0\">Schalenmaterial: Metall + Leder<\/div>\n<div data-zone-id=\"0\" data-line-index=\"1\">Gr\u00f6\u00dfe: 62*28*12mm<\/div>\n<div data-zone-id=\"0\" data-line-index=\"2\">Gewicht: 29g<\/div>\n<div data-zone-id=\"0\" data-line-index=\"3\">Kapazit\u00e4t: 1 GB, 2 GB, 4 FB, 8 GB, 16 GB, 32 GB, 64 GB, 128 GB, 256 GB<\/div>\n<div data-zone-id=\"0\" data-line-index=\"4\">Speicherchip: Samsung\/Toshiba\/Intel\/Hynix<\/div>\n<div data-zone-id=\"0\" data-line-index=\"5\">Logo: Kundenspezifisches Logo<\/div>\n<div data-zone-id=\"0\" data-line-index=\"6\">Schnittstellentyp: Hochgeschwindigkeits-USB 2.0\/3.0<\/div>\n<div data-zone-id=\"0\" data-line-index=\"7\">Betriebssystem: Windows XP, Windows 7 oder h\u00f6her, Linux<\/div>\n<div data-zone-id=\"0\" data-line-index=\"8\">Zertifikat: CE, FCC ROHS<\/div>","protected":false},"featured_media":22002,"template":"","meta":[],"product_cat":[124,137,123],"product_tag":[],"_links":{"self":[{"href":"https:\/\/worthspark.com\/de\/wp-json\/wp\/v2\/product\/21207"}],"collection":[{"href":"https:\/\/worthspark.com\/de\/wp-json\/wp\/v2\/product"}],"about":[{"href":"https:\/\/worthspark.com\/de\/wp-json\/wp\/v2\/types\/product"}],"wp:featuredmedia":[{"embeddable":true,"href":"https:\/\/worthspark.com\/de\/wp-json\/wp\/v2\/media\/22002"}],"wp:attachment":[{"href":"https:\/\/worthspark.com\/de\/wp-json\/wp\/v2\/media?parent=21207"}],"wp:term":[{"taxonomy":"product_cat","embeddable":true,"href":"https:\/\/worthspark.com\/de\/wp-json\/wp\/v2\/product_cat?post=21207"},{"taxonomy":"product_tag","embeddable":true,"href":"https:\/\/worthspark.com\/de\/wp-json\/wp\/v2\/product_tag?post=21207"}],"curies":[{"name":"wp","href":"https:\/\/api.w.org\/{rel}","templated":true}]}}