{"id":21208,"date":"2021-08-12T11:36:56","date_gmt":"2021-08-12T03:36:56","guid":{"rendered":"https:\/\/worthspark.com\/?post_type=product&#038;p=21208"},"modified":"2021-11-10T16:34:08","modified_gmt":"2021-11-10T08:34:08","slug":"pen-usb-manufacturer","status":"publish","type":"product","link":"https:\/\/worthspark.com\/de\/produkt\/pen-usb-manufacturer\/","title":{"rendered":"Stift USB-Stick"},"content":{"rendered":"<p><strong>Stift USB-Stick<\/strong><\/p>\n<p>Stiftf\u00f6rmiger USB-Stick, der Stift und USB-Stick integriert, ist bequem zu tragen, A-Level-Chip, USB 2.0 \/ 3.0, schnelle \u00dcbertragungsgeschwindigkeit, eine Vielzahl von Kapazit\u00e4ten zur Auswahl, geeignet f\u00fcr gesch\u00e4ftliche Zusammenarbeit, willkommen zu konsultieren und anpassen<\/p>","protected":false},"excerpt":{"rendered":"<div data-zone-id=\"0\" data-line-index=\"0\">\n<div data-zone-id=\"0\" data-line-index=\"0\">Produktmodell: MU085<\/div>\n<\/div>\n<div data-zone-id=\"0\" data-line-index=\"0\">Schalenmaterial: Metall<\/div>\n<div data-zone-id=\"0\" data-line-index=\"1\">Gr\u00f6\u00dfe: 145*14*14mm<\/div>\n<div data-zone-id=\"0\" data-line-index=\"2\">Gewicht: 18g<\/div>\n<div data-zone-id=\"0\" data-line-index=\"3\">Kapazit\u00e4t: 1 GB, 2 GB, 4 FB, 8 GB, 16 GB, 32 GB, 64 GB, 128 GB, 256 GB<\/div>\n<div data-zone-id=\"0\" data-line-index=\"4\">Speicherchip: Samsung\/Toshiba\/Intel\/Hynix<\/div>\n<div data-zone-id=\"0\" data-line-index=\"5\">Logo: Kundenspezifisches Logo<\/div>\n<div data-zone-id=\"0\" data-line-index=\"6\">Schnittstellentyp: Hochgeschwindigkeits-USB 2.0\/3.0<\/div>\n<div data-zone-id=\"0\" data-line-index=\"7\">Betriebssystem: Windows XP, Windows 7 oder h\u00f6her, Linux<\/div>\n<div data-zone-id=\"0\" data-line-index=\"8\">Zertifikat: CE, FCC ROHS<\/div>","protected":false},"featured_media":21754,"template":"","meta":[],"product_cat":[124,136,123],"product_tag":[],"_links":{"self":[{"href":"https:\/\/worthspark.com\/de\/wp-json\/wp\/v2\/product\/21208"}],"collection":[{"href":"https:\/\/worthspark.com\/de\/wp-json\/wp\/v2\/product"}],"about":[{"href":"https:\/\/worthspark.com\/de\/wp-json\/wp\/v2\/types\/product"}],"wp:featuredmedia":[{"embeddable":true,"href":"https:\/\/worthspark.com\/de\/wp-json\/wp\/v2\/media\/21754"}],"wp:attachment":[{"href":"https:\/\/worthspark.com\/de\/wp-json\/wp\/v2\/media?parent=21208"}],"wp:term":[{"taxonomy":"product_cat","embeddable":true,"href":"https:\/\/worthspark.com\/de\/wp-json\/wp\/v2\/product_cat?post=21208"},{"taxonomy":"product_tag","embeddable":true,"href":"https:\/\/worthspark.com\/de\/wp-json\/wp\/v2\/product_tag?post=21208"}],"curies":[{"name":"wp","href":"https:\/\/api.w.org\/{rel}","templated":true}]}}