{"id":22067,"date":"2021-10-16T16:23:33","date_gmt":"2021-10-16T08:23:33","guid":{"rendered":"https:\/\/worthspark.com\/?post_type=product&#038;p=22067"},"modified":"2021-11-10T16:30:54","modified_gmt":"2021-11-10T08:30:54","slug":"wooden-wireless-charger","status":"publish","type":"product","link":"https:\/\/worthspark.com\/de\/produkt\/wooden-wireless-charger\/","title":{"rendered":"Kabelloses Bambus-Ladeger\u00e4t"},"content":{"rendered":"<p><strong>Kabelloses Bambus-Ladeger\u00e4t<\/strong><\/p>\n<p>This is an all-wood wireless charger, available in three materials: white maple, walnut, and bamboo. The elegant shape design is a good choice for gifts. In terms of functions, 5w\/7.5w\/10w intelligent frequency conversion charging, which can be used with all qi standard mobile phone, charging with breathing indicator, support logo and packaging box customization, welcome to consult us<\/p>","protected":false},"excerpt":{"rendered":"<div data-zone-id=\"0\" data-line-index=\"1\">\n<div data-zone-id=\"0\" data-line-index=\"0\">Produktmodell: WIC009<\/div>\n<\/div>\n<div data-zone-id=\"0\" data-line-index=\"1\">Material: Bambus und Holz<\/div>\n<div data-zone-id=\"0\" data-line-index=\"2\">Gr\u00f6\u00dfe: 95*95*10mm<\/div>\n<div data-zone-id=\"0\" data-line-index=\"3\">Einzelnettogewicht\/Bruttogewicht: 43g<\/div>\n<div data-zone-id=\"0\" data-line-index=\"4\">Umwandlungseffizienz: 73%<\/div>\n<div data-zone-id=\"0\" data-line-index=\"5\">Leistung: 10W\/7,5W\/5W.<\/div>\n<div data-zone-id=\"0\" data-line-index=\"6\">Eingang: DC 5V\/2A, 9V\/1,67A<\/div>\n<div data-zone-id=\"0\" data-line-index=\"7\">Ausgang: DC 5V\/1A, 9V\/1,0A (Leistung 5W, 9W kompatibel mit 7,5W)<\/div>\n<div data-zone-id=\"0\" data-line-index=\"8\">\u00dcbertragungsabstand: 5-10 mm<\/div>\n<div data-zone-id=\"0\" data-line-index=\"9\">Schutzfunktion: \u00dcberstrom, Kurzschluss, \u00dcbertemperatur, Fremdk\u00f6rperschutz<\/div>\n<div data-zone-id=\"0\" data-line-index=\"11\">Logo: Kundenspezifisches Logo<\/div>\n<div data-zone-id=\"0\" data-line-index=\"12\">Zertifikat: CE, FCC ROHS<\/div>","protected":false},"featured_media":22068,"template":"","meta":[],"product_cat":[124,139],"product_tag":[],"_links":{"self":[{"href":"https:\/\/worthspark.com\/de\/wp-json\/wp\/v2\/product\/22067"}],"collection":[{"href":"https:\/\/worthspark.com\/de\/wp-json\/wp\/v2\/product"}],"about":[{"href":"https:\/\/worthspark.com\/de\/wp-json\/wp\/v2\/types\/product"}],"wp:featuredmedia":[{"embeddable":true,"href":"https:\/\/worthspark.com\/de\/wp-json\/wp\/v2\/media\/22068"}],"wp:attachment":[{"href":"https:\/\/worthspark.com\/de\/wp-json\/wp\/v2\/media?parent=22067"}],"wp:term":[{"taxonomy":"product_cat","embeddable":true,"href":"https:\/\/worthspark.com\/de\/wp-json\/wp\/v2\/product_cat?post=22067"},{"taxonomy":"product_tag","embeddable":true,"href":"https:\/\/worthspark.com\/de\/wp-json\/wp\/v2\/product_tag?post=22067"}],"curies":[{"name":"wp","href":"https:\/\/api.w.org\/{rel}","templated":true}]}}