{"id":22073,"date":"2021-10-16T16:39:02","date_gmt":"2021-10-16T08:39:02","guid":{"rendered":"https:\/\/worthspark.com\/?post_type=product&#038;p=22073"},"modified":"2021-11-10T16:29:25","modified_gmt":"2021-11-10T08:29:25","slug":"wireless-car-charger","status":"publish","type":"product","link":"https:\/\/worthspark.com\/de\/produkt\/wireless-car-charger\/","title":{"rendered":"Bestes kabelloses Autoladeger\u00e4t"},"content":{"rendered":"<div data-zone-id=\"0\" data-line-index=\"0\"><strong>Kabelloses Telefonladeger\u00e4t f\u00fcr das Auto<\/strong><\/div>\n<div data-zone-id=\"0\" data-line-index=\"0\">\u00a0 Das tragbare Auto-Schnellladeger\u00e4t WIC014 verwendet ein Schwerkraftsensorsystem. Das Handy l\u00e4sst sich beim Einlegen fest fixieren. Es ist f\u00fcr alle Qi-Standard-Handys geeignet. Es ist das beliebteste Ladeger\u00e4t f\u00fcr Autotelefonhalter auf dem Markt.<\/div>","protected":false},"excerpt":{"rendered":"<div data-zone-id=\"0\" data-line-index=\"1\">Produktmodell: WIC014<\/div>\n<div data-zone-id=\"0\" data-line-index=\"1\">Material: ABS-Kunststoff<\/div>\n<div data-zone-id=\"0\" data-line-index=\"2\">Gr\u00f6\u00dfe: 106*95*55mm<\/div>\n<div data-zone-id=\"0\" data-line-index=\"3\">Einzelnettogewicht\/Bruttogewicht: 69g<\/div>\n<div data-zone-id=\"0\" data-line-index=\"4\">Umwandlungseffizienz: 80%<\/div>\n<div data-zone-id=\"0\" data-line-index=\"5\">Eingang: DC 5V\/1,5A<\/div>\n<div data-zone-id=\"0\" data-line-index=\"6\">Ausgang: DC 5V\/1A<\/div>\n<div data-zone-id=\"0\" data-line-index=\"7\">\u00dcbertragungsabstand: 5-10 mm<\/div>\n<div data-zone-id=\"0\" data-line-index=\"8\">Schutzfunktion: \u00dcberstrom, \u00dcbertemperaturschutz<\/div>\n<div data-zone-id=\"0\" data-line-index=\"10\">Logo: Kundenspezifisches Logo<\/div>\n<div data-zone-id=\"0\" data-line-index=\"11\">Zertifikat: CE, FCC ROHS<\/div>","protected":false},"featured_media":22074,"template":"","meta":[],"product_cat":[124,139],"product_tag":[140],"_links":{"self":[{"href":"https:\/\/worthspark.com\/de\/wp-json\/wp\/v2\/product\/22073"}],"collection":[{"href":"https:\/\/worthspark.com\/de\/wp-json\/wp\/v2\/product"}],"about":[{"href":"https:\/\/worthspark.com\/de\/wp-json\/wp\/v2\/types\/product"}],"wp:featuredmedia":[{"embeddable":true,"href":"https:\/\/worthspark.com\/de\/wp-json\/wp\/v2\/media\/22074"}],"wp:attachment":[{"href":"https:\/\/worthspark.com\/de\/wp-json\/wp\/v2\/media?parent=22073"}],"wp:term":[{"taxonomy":"product_cat","embeddable":true,"href":"https:\/\/worthspark.com\/de\/wp-json\/wp\/v2\/product_cat?post=22073"},{"taxonomy":"product_tag","embeddable":true,"href":"https:\/\/worthspark.com\/de\/wp-json\/wp\/v2\/product_tag?post=22073"}],"curies":[{"name":"wp","href":"https:\/\/api.w.org\/{rel}","templated":true}]}}