{"id":22079,"date":"2021-10-16T16:44:32","date_gmt":"2021-10-16T08:44:32","guid":{"rendered":"https:\/\/worthspark.com\/?post_type=product&#038;p=22079"},"modified":"2021-11-10T16:28:22","modified_gmt":"2021-11-10T08:28:22","slug":"22079","status":"publish","type":"product","link":"https:\/\/worthspark.com\/de\/produkt\/22079\/","title":{"rendered":"Benutzerdefiniertes kabelloses Holzladeger\u00e4t"},"content":{"rendered":"<div data-zone-id=\"0\" data-line-index=\"0\"><strong>Holz-Wireless-Ladeger\u00e4t<\/strong><\/div>\n<div data-zone-id=\"0\" data-line-index=\"0\">\u00a0 Dies ist ein kabelloses Ladeger\u00e4t mit Metallsockel + Holzetui, 5 W \/ 7,5 W \/ 10 W intelligente Frequenzumwandlung, geeignet f\u00fcr alle Qi-Standard-Mobiltelefone, ist eine gute Wahl f\u00fcr Geschenke und Werbeaktionen, unterst\u00fctzt die Anpassung von Logos und Verpackungsboxen, willkommen zu konsultieren<\/div>","protected":false},"excerpt":{"rendered":"<div data-zone-id=\"0\" data-line-index=\"1\">Produktmodell: WIC023<\/div>\n<div data-zone-id=\"0\" data-line-index=\"1\">Material: Aluminiumlegierung + Holzmaterial<\/div>\n<div data-zone-id=\"0\" data-line-index=\"2\">Oberfl\u00e4chentechnologie: Prim\u00e4rfarbe<\/div>\n<div data-zone-id=\"0\" data-line-index=\"3\">Gr\u00f6\u00dfe: 100*7mm<\/div>\n<div data-zone-id=\"0\" data-line-index=\"4\">Nettogewicht: 70g<\/div>\n<div data-zone-id=\"0\" data-line-index=\"5\">Umwandlungseffizienz: 73%<\/div>\n<div data-zone-id=\"0\" data-line-index=\"6\">Eingang: DC 5V\/2A, 9V\/1,67A<\/div>\n<div data-zone-id=\"0\" data-line-index=\"7\">Ausgang: DC 5V\/1A, 9V\/1,0A (Leistung 5W, 9W kompatibel mit 7,5W)<\/div>\n<div data-zone-id=\"0\" data-line-index=\"8\">\u00dcbertragungsabstand: 5-10 mm<\/div>\n<div data-zone-id=\"0\" data-line-index=\"9\">Sicherheitsschutz: \u00dcberstrom, \u00dcbertemperaturschutz<\/div>\n<div data-zone-id=\"0\" data-line-index=\"10\">LOGO-Verfahren: Siebdruck, Farbdruck<\/div>\n<div data-zone-id=\"0\" data-line-index=\"11\">Logo: Kundenspezifisches Logo<\/div>\n<div data-zone-id=\"0\" data-line-index=\"12\">Zertifikat: CE, FCC ROHS<\/div>","protected":false},"featured_media":22080,"template":"","meta":[],"product_cat":[124,139],"product_tag":[],"_links":{"self":[{"href":"https:\/\/worthspark.com\/de\/wp-json\/wp\/v2\/product\/22079"}],"collection":[{"href":"https:\/\/worthspark.com\/de\/wp-json\/wp\/v2\/product"}],"about":[{"href":"https:\/\/worthspark.com\/de\/wp-json\/wp\/v2\/types\/product"}],"wp:featuredmedia":[{"embeddable":true,"href":"https:\/\/worthspark.com\/de\/wp-json\/wp\/v2\/media\/22080"}],"wp:attachment":[{"href":"https:\/\/worthspark.com\/de\/wp-json\/wp\/v2\/media?parent=22079"}],"wp:term":[{"taxonomy":"product_cat","embeddable":true,"href":"https:\/\/worthspark.com\/de\/wp-json\/wp\/v2\/product_cat?post=22079"},{"taxonomy":"product_tag","embeddable":true,"href":"https:\/\/worthspark.com\/de\/wp-json\/wp\/v2\/product_tag?post=22079"}],"curies":[{"name":"wp","href":"https:\/\/api.w.org\/{rel}","templated":true}]}}