{"id":22106,"date":"2021-10-16T17:00:54","date_gmt":"2021-10-16T09:00:54","guid":{"rendered":"https:\/\/worthspark.com\/?post_type=product&#038;p=22106"},"modified":"2021-11-10T16:13:54","modified_gmt":"2021-11-10T08:13:54","slug":"pen-holder-wireless-charger","status":"publish","type":"product","link":"https:\/\/worthspark.com\/de\/produkt\/pen-holder-wireless-charger\/","title":{"rendered":"Drahtloses Ladeger\u00e4t mit Stifthalter"},"content":{"rendered":"<div data-zone-id=\"0\" data-line-index=\"0\"><strong>Stifthalter Tragbares Telefonladeger\u00e4t<\/strong><\/div>\n<div data-zone-id=\"0\" data-line-index=\"0\">\u00a0 Dies ist ein multifunktionales kabelloses Ladeger\u00e4t, das Ihr Telefon aufladen kann, w\u00e4hrend Sie Stifte und andere B\u00fcromaterialien ablegen und Ihren Schreibtisch aufger\u00e4umter machen\uff0cKompatibel mit dem Standardtelefon der Qi-Wireless-Ladetechnologie\uff0cWillkommen zum Beraten und Anpassen<\/div>","protected":false},"excerpt":{"rendered":"<div data-zone-id=\"0\" data-line-index=\"0\">\n<div data-zone-id=\"0\" data-line-index=\"0\">Produktmodell: WIC029<\/div>\n<div data-zone-id=\"0\" data-line-index=\"0\">Material: ABS<\/div>\n<div data-zone-id=\"0\" data-line-index=\"1\">Gr\u00f6\u00dfe: 176*80*100mm<\/div>\n<div data-zone-id=\"0\" data-line-index=\"2\">Nettogewicht: 176g<\/div>\n<div data-zone-id=\"0\" data-line-index=\"3\">Standard: Qi<\/div>\n<div data-zone-id=\"0\" data-line-index=\"4\">Umwandlungseffizienz: 78%<\/div>\n<div data-zone-id=\"0\" data-line-index=\"5\">Eingang: DC 5V\/2A, 9V\/2,0A<\/div>\n<div data-zone-id=\"0\" data-line-index=\"6\">Ausgang: DC 5V\/1A, 7,5V\/1,0A, 9,06V\/1,01A<\/div>\n<div data-zone-id=\"0\" data-line-index=\"7\">\u00dcbertragungsabstand: 2-8mm<\/div>\n<div data-zone-id=\"0\" data-line-index=\"9\">Logo: Kundenspezifisches Logo<\/div>\n<div data-zone-id=\"0\" data-line-index=\"10\">Zertifikat: CE, FCC ROHS<\/div>\n<\/div>","protected":false},"featured_media":22107,"template":"","meta":[],"product_cat":[124,139],"product_tag":[],"_links":{"self":[{"href":"https:\/\/worthspark.com\/de\/wp-json\/wp\/v2\/product\/22106"}],"collection":[{"href":"https:\/\/worthspark.com\/de\/wp-json\/wp\/v2\/product"}],"about":[{"href":"https:\/\/worthspark.com\/de\/wp-json\/wp\/v2\/types\/product"}],"wp:featuredmedia":[{"embeddable":true,"href":"https:\/\/worthspark.com\/de\/wp-json\/wp\/v2\/media\/22107"}],"wp:attachment":[{"href":"https:\/\/worthspark.com\/de\/wp-json\/wp\/v2\/media?parent=22106"}],"wp:term":[{"taxonomy":"product_cat","embeddable":true,"href":"https:\/\/worthspark.com\/de\/wp-json\/wp\/v2\/product_cat?post=22106"},{"taxonomy":"product_tag","embeddable":true,"href":"https:\/\/worthspark.com\/de\/wp-json\/wp\/v2\/product_tag?post=22106"}],"curies":[{"name":"wp","href":"https:\/\/api.w.org\/{rel}","templated":true}]}}