{"id":20437,"date":"2021-07-09T10:10:29","date_gmt":"2021-07-09T02:10:29","guid":{"rendered":"https:\/\/worthspark.com\/?post_type=product&#038;p=20437"},"modified":"2022-07-22T15:56:21","modified_gmt":"2022-07-22T07:56:21","slug":"mini-key-usb","status":"publish","type":"product","link":"https:\/\/worthspark.com\/es\/producto\/mini-key-usb\/","title":{"rendered":"Mini unidades flash de metal a granel"},"content":{"rendered":"<p><strong>Mini memorias USB de metal<\/strong><\/p>\n<p>Esta es la unidad flash USB m\u00e1s popular del mercado. La forma de metal de mini, usb2.\/3.0, chip de nivel A, hace que la transmisi\u00f3n sea m\u00e1s r\u00e1pida. La capacidad de 2GB-256GB est\u00e1 disponible. Es ampliamente utilizado en actividades de promoci\u00f3n, cooperaci\u00f3n comercial, etc., worthspark Enfoque en la fabricaci\u00f3n de unidades flash a granel y otros obsequios electr\u00f3nicos durante 12 a\u00f1os, bienvenido a personalizar<\/p>","protected":false},"excerpt":{"rendered":"<div><span class=\"text-only\" data-eleid=\"4\"><strong>Material de la c\u00e1scara<\/strong>: metal<\/span><\/div>\n<div><span class=\"text-only\" data-eleid=\"6\"><strong>Tama\u00f1o<\/strong>: 39 * 12 * 4 mm<\/span><\/div>\n<div><span class=\"text-only\" data-eleid=\"8\"><strong>Criatura<\/strong>: 4g<\/span><\/div>\n<div><span class=\"text-only\" data-eleid=\"10\"><strong>Capacidad<\/strong>: 1GB, 2GB, 4GB, 8GB, 16GB, 32GB, 64GB, 128GB<\/span><\/div>\n<div><span class=\"text-only\" data-eleid=\"12\"><strong>Chip de memoria<\/strong>: Samsung \/ Toshiba \/ Intel \/ Hynix<\/span><\/div>\n<div><span class=\"text-only\" data-eleid=\"14\"><strong>Logo<\/strong>: Logotipo personalizado<\/span><\/div>\n<div><span class=\"text-only\" data-eleid=\"16\"><strong>Tipo de interfaz<\/strong>: USB 2.0 \/ 3.0 de alta velocidad<\/span><\/div>\n<div><span class=\"text-only\" data-eleid=\"18\"><strong>Sistema operativo<\/strong>: Windows XP, Windows 7 o superior, Linux<\/span><\/div>\n<div><span class=\"text-only\" data-eleid=\"20\"><strong>Certificado<\/strong>: CE, FCC ROHS<\/span><\/div>","protected":false},"featured_media":20870,"template":"","meta":[],"product_cat":[124,136,123],"product_tag":[],"_links":{"self":[{"href":"https:\/\/worthspark.com\/es\/wp-json\/wp\/v2\/product\/20437"}],"collection":[{"href":"https:\/\/worthspark.com\/es\/wp-json\/wp\/v2\/product"}],"about":[{"href":"https:\/\/worthspark.com\/es\/wp-json\/wp\/v2\/types\/product"}],"wp:featuredmedia":[{"embeddable":true,"href":"https:\/\/worthspark.com\/es\/wp-json\/wp\/v2\/media\/20870"}],"wp:attachment":[{"href":"https:\/\/worthspark.com\/es\/wp-json\/wp\/v2\/media?parent=20437"}],"wp:term":[{"taxonomy":"product_cat","embeddable":true,"href":"https:\/\/worthspark.com\/es\/wp-json\/wp\/v2\/product_cat?post=20437"},{"taxonomy":"product_tag","embeddable":true,"href":"https:\/\/worthspark.com\/es\/wp-json\/wp\/v2\/product_tag?post=20437"}],"curies":[{"name":"wp","href":"https:\/\/api.w.org\/{rel}","templated":true}]}}