{"id":21185,"date":"2021-08-12T10:45:43","date_gmt":"2021-08-12T02:45:43","guid":{"rendered":"https:\/\/worthspark.com\/?post_type=product&#038;p=21185"},"modified":"2021-11-05T17:34:16","modified_gmt":"2021-11-05T09:34:16","slug":"spin-custom-usb-stick","status":"publish","type":"product","link":"https:\/\/worthspark.com\/es\/producto\/spin-custom-usb-stick\/","title":{"rendered":"Girar memoria USB personalizada"},"content":{"rendered":"<p><strong>Girar memoria USB<\/strong><\/p>\n<p>Gire la memoria USB para proteger mejor el chip interno. Esta memoria USB giratoria utiliza un chip de grado A con alta velocidad de transmisi\u00f3n. La capacidad es de 2 GB a 256 GB para elegir. Es compatible con la personalizaci\u00f3n de logotipos y embalajes. Worthspark se ha centrado en la producci\u00f3n de regalos electr\u00f3nicos durante 12 a\u00f1os. , Bienvenido a contactarnos<\/p>","protected":false},"excerpt":{"rendered":"<div data-zone-id=\"0\" data-line-index=\"1\">Material de la carcasa: ABS + metal<\/div>\n<div data-zone-id=\"0\" data-line-index=\"2\">Tama\u00f1o: 58 * 20 * 11 mm<\/div>\n<div data-zone-id=\"0\" data-line-index=\"3\">Peso: 12g<\/div>\n<div data-zone-id=\"0\" data-line-index=\"4\">Capacidad: 1GB, 2GB, 4FB, 8GB, 16GB, 32GB, 64GB, 128GB, 256GB<\/div>\n<div data-zone-id=\"0\" data-line-index=\"5\">Chip de memoria: Samsung \/ Toshiba \/ Intel \/ Hynix<\/div>\n<div data-zone-id=\"0\" data-line-index=\"6\">Logotipo: Logotipo personalizado<\/div>\n<div data-zone-id=\"0\" data-line-index=\"7\">Tipo de interfaz: USB 2.0 \/ 3.0 de alta velocidad<\/div>\n<div data-zone-id=\"0\" data-line-index=\"8\">Sistema operativo: Windows XP, Windows 7 o superior, Linux<\/div>\n<div data-zone-id=\"0\" data-line-index=\"9\">Certificado: CE, FCC ROHS<\/div>","protected":false},"featured_media":21647,"template":"","meta":[],"product_cat":[123,124,136],"product_tag":[],"_links":{"self":[{"href":"https:\/\/worthspark.com\/es\/wp-json\/wp\/v2\/product\/21185"}],"collection":[{"href":"https:\/\/worthspark.com\/es\/wp-json\/wp\/v2\/product"}],"about":[{"href":"https:\/\/worthspark.com\/es\/wp-json\/wp\/v2\/types\/product"}],"wp:featuredmedia":[{"embeddable":true,"href":"https:\/\/worthspark.com\/es\/wp-json\/wp\/v2\/media\/21647"}],"wp:attachment":[{"href":"https:\/\/worthspark.com\/es\/wp-json\/wp\/v2\/media?parent=21185"}],"wp:term":[{"taxonomy":"product_cat","embeddable":true,"href":"https:\/\/worthspark.com\/es\/wp-json\/wp\/v2\/product_cat?post=21185"},{"taxonomy":"product_tag","embeddable":true,"href":"https:\/\/worthspark.com\/es\/wp-json\/wp\/v2\/product_tag?post=21185"}],"curies":[{"name":"wp","href":"https:\/\/api.w.org\/{rel}","templated":true}]}}