{"id":21186,"date":"2021-08-12T10:49:52","date_gmt":"2021-08-12T02:49:52","guid":{"rendered":"https:\/\/worthspark.com\/?post_type=product&#038;p=21186"},"modified":"2021-11-05T16:12:43","modified_gmt":"2021-11-05T08:12:43","slug":"bracelet-usb-flash-drive","status":"publish","type":"product","link":"https:\/\/worthspark.com\/es\/producto\/bracelet-usb-flash-drive\/","title":{"rendered":"Pulsera USB Flash Drive"},"content":{"rendered":"<p>Pulsera USB Flash Drive<\/p>\n<p>La unidad flash de pulsera es f\u00e1cil de transportar, el chip A-level hace que la velocidad de transmisi\u00f3n de la unidad flash USB sea m\u00e1s r\u00e1pida, usb2.0 \/ 3.0, la memoria de 2GB-256GB est\u00e1 disponible, admite la personalizaci\u00f3n del logotipo y el empaque, worthspark se ha centrado en la fabricaci\u00f3n de unidades flash USB durante 12 a\u00f1os, bienvenido a contactarnos<\/p>","protected":false},"excerpt":{"rendered":"<p>Material de la carcasa: caucho<br \/>\nTama\u00f1o: 250 * 22 * 6 mm<br \/>\nPeso: 22g<br \/>\nCapacidad: 1GB, 2GB, 4FB, 8GB, 16GB, 32GB, 64GB, 128GB, 256GB<br \/>\nChip de memoria: Samsung \/ Toshiba \/ Intel \/ Hynix<br \/>\nLogotipo: Logotipo personalizado<br \/>\nTipo de interfaz: USB 2.0 \/ 3.0 de alta velocidad<br \/>\nSistema operativo: Windows XP, Windows 7 o superior, Linux<br \/>\nCertificado: CE, FCC ROHS<\/p>","protected":false},"featured_media":22007,"template":"","meta":[],"product_cat":[124,137,123],"product_tag":[],"_links":{"self":[{"href":"https:\/\/worthspark.com\/es\/wp-json\/wp\/v2\/product\/21186"}],"collection":[{"href":"https:\/\/worthspark.com\/es\/wp-json\/wp\/v2\/product"}],"about":[{"href":"https:\/\/worthspark.com\/es\/wp-json\/wp\/v2\/types\/product"}],"wp:featuredmedia":[{"embeddable":true,"href":"https:\/\/worthspark.com\/es\/wp-json\/wp\/v2\/media\/22007"}],"wp:attachment":[{"href":"https:\/\/worthspark.com\/es\/wp-json\/wp\/v2\/media?parent=21186"}],"wp:term":[{"taxonomy":"product_cat","embeddable":true,"href":"https:\/\/worthspark.com\/es\/wp-json\/wp\/v2\/product_cat?post=21186"},{"taxonomy":"product_tag","embeddable":true,"href":"https:\/\/worthspark.com\/es\/wp-json\/wp\/v2\/product_tag?post=21186"}],"curies":[{"name":"wp","href":"https:\/\/api.w.org\/{rel}","templated":true}]}}