{"id":21187,"date":"2021-08-12T10:51:47","date_gmt":"2021-08-12T02:51:47","guid":{"rendered":"https:\/\/worthspark.com\/?post_type=product&#038;p=21187"},"modified":"2021-11-10T17:09:18","modified_gmt":"2021-11-10T09:09:18","slug":"custom-bracelet-usb","status":"publish","type":"product","link":"https:\/\/worthspark.com\/es\/producto\/custom-bracelet-usb\/","title":{"rendered":"Pulsera personalizada USB"},"content":{"rendered":"<p><strong>Pulsera USB<\/strong><\/p>\n<p>La pulsera USB es f\u00e1cil de transportar, el chip A-level hace que la velocidad de transmisi\u00f3n de la unidad USB sea m\u00e1s r\u00e1pida, usb2.0 \/ 3.0, la memoria de 2GB-256GB est\u00e1 disponible, admite la personalizaci\u00f3n del logotipo y el empaque, worthspark se ha centrado en la fabricaci\u00f3n de unidades flash durante 12 a\u00f1os, bienvenido para contactarnos<\/p>","protected":false},"excerpt":{"rendered":"<div data-zone-id=\"0\" data-line-index=\"1\">Modelo de productos: MU124<\/div>\n<div data-zone-id=\"0\" data-line-index=\"1\">Material de la carcasa: caucho<\/div>\n<div data-zone-id=\"0\" data-line-index=\"2\">Tama\u00f1o: 203 * 18 * 8 mm<\/div>\n<div data-zone-id=\"0\" data-line-index=\"3\">Peso: 15g<\/div>\n<div data-zone-id=\"0\" data-line-index=\"4\">Capacidad: 1GB, 2GB, 4FB, 8GB, 16GB, 32GB, 64GB, 128GB, 256GB<\/div>\n<div data-zone-id=\"0\" data-line-index=\"5\">Chip de memoria: Samsung \/ Toshiba \/ Intel \/ Hynix<\/div>\n<div data-zone-id=\"0\" data-line-index=\"6\">Logotipo: Logotipo personalizado<\/div>\n<div data-zone-id=\"0\" data-line-index=\"7\">Tipo de interfaz: USB 2.0 \/ 3.0 de alta velocidad<\/div>\n<div data-zone-id=\"0\" data-line-index=\"8\">Sistema operativo: Windows XP, Windows 7 o superior, Linux<\/div>\n<div data-zone-id=\"0\" data-line-index=\"9\">Certificado: CE, FCC ROHS<\/div>","protected":false},"featured_media":22011,"template":"","meta":[],"product_cat":[124,123],"product_tag":[],"_links":{"self":[{"href":"https:\/\/worthspark.com\/es\/wp-json\/wp\/v2\/product\/21187"}],"collection":[{"href":"https:\/\/worthspark.com\/es\/wp-json\/wp\/v2\/product"}],"about":[{"href":"https:\/\/worthspark.com\/es\/wp-json\/wp\/v2\/types\/product"}],"wp:featuredmedia":[{"embeddable":true,"href":"https:\/\/worthspark.com\/es\/wp-json\/wp\/v2\/media\/22011"}],"wp:attachment":[{"href":"https:\/\/worthspark.com\/es\/wp-json\/wp\/v2\/media?parent=21187"}],"wp:term":[{"taxonomy":"product_cat","embeddable":true,"href":"https:\/\/worthspark.com\/es\/wp-json\/wp\/v2\/product_cat?post=21187"},{"taxonomy":"product_tag","embeddable":true,"href":"https:\/\/worthspark.com\/es\/wp-json\/wp\/v2\/product_tag?post=21187"}],"curies":[{"name":"wp","href":"https:\/\/api.w.org\/{rel}","templated":true}]}}