{"id":21192,"date":"2021-08-12T10:59:53","date_gmt":"2021-08-12T02:59:53","guid":{"rendered":"https:\/\/worthspark.com\/?post_type=product&#038;p=21192"},"modified":"2021-11-10T17:02:43","modified_gmt":"2021-11-10T09:02:43","slug":"the-key-rotating-usb","status":"publish","type":"product","link":"https:\/\/worthspark.com\/es\/producto\/the-key-rotating-usb\/","title":{"rendered":"La llave USB giratoria"},"content":{"rendered":"<p><strong>USB giratorio de llave<\/strong><\/p>\n<p>Unidad flash USB giratoria para proteger mejor el chip interno. Esta memoria USB giratoria utiliza un chip de grado A con alta velocidad de transmisi\u00f3n. La capacidad es de 2 GB a 256 GB para elegir. Es compatible con la personalizaci\u00f3n de logotipos y embalajes. Worthspark se ha centrado en la producci\u00f3n de regalos electr\u00f3nicos durante 12 a\u00f1os. , Bienvenido a contactarnos<\/p>","protected":false},"excerpt":{"rendered":"<div data-zone-id=\"0\" data-line-index=\"0\">Modelo de productos: MU202<\/div>\n<div data-zone-id=\"0\" data-line-index=\"0\">Material de la carcasa: ABS + Metal<br \/>\nTama\u00f1o: 60 * 22 * 10 mm<br \/>\nPeso: 12g<br \/>\nCapacidad: 1GB, 2GB, 4FB, 8GB, 16GB, 32GB, 64GB, 128GB, 256GB<br \/>\nChip de memoria: Samsung \/ Toshiba \/ Intel \/ Hynix<br \/>\nLogotipo: Logotipo personalizado<br \/>\nTipo de interfaz: USB 2.0 \/ 3.0 de alta velocidad<br \/>\nSistema operativo: Windows XP, Windows 7 o superior, Linux<br \/>\nCertificado: CE, FCC ROHS<\/div>","protected":false},"featured_media":21807,"template":"","meta":[],"product_cat":[124,123],"product_tag":[],"_links":{"self":[{"href":"https:\/\/worthspark.com\/es\/wp-json\/wp\/v2\/product\/21192"}],"collection":[{"href":"https:\/\/worthspark.com\/es\/wp-json\/wp\/v2\/product"}],"about":[{"href":"https:\/\/worthspark.com\/es\/wp-json\/wp\/v2\/types\/product"}],"wp:featuredmedia":[{"embeddable":true,"href":"https:\/\/worthspark.com\/es\/wp-json\/wp\/v2\/media\/21807"}],"wp:attachment":[{"href":"https:\/\/worthspark.com\/es\/wp-json\/wp\/v2\/media?parent=21192"}],"wp:term":[{"taxonomy":"product_cat","embeddable":true,"href":"https:\/\/worthspark.com\/es\/wp-json\/wp\/v2\/product_cat?post=21192"},{"taxonomy":"product_tag","embeddable":true,"href":"https:\/\/worthspark.com\/es\/wp-json\/wp\/v2\/product_tag?post=21192"}],"curies":[{"name":"wp","href":"https:\/\/api.w.org\/{rel}","templated":true}]}}