{"id":21193,"date":"2021-08-12T11:04:49","date_gmt":"2021-08-12T03:04:49","guid":{"rendered":"https:\/\/worthspark.com\/?post_type=product&#038;p=21193"},"modified":"2021-11-10T17:01:21","modified_gmt":"2021-11-10T09:01:21","slug":"mini-metal-usb-3-0","status":"publish","type":"product","link":"https:\/\/worthspark.com\/es\/producto\/mini-metal-usb-3-0\/","title":{"rendered":"Unidades USB de metal a granel"},"content":{"rendered":"<p><strong>Unidades USB de metal a granel<\/strong><\/p>\n<p>El dise\u00f1o del llavero facilita su transporte. Esta unidad USB utiliza un chip de grado A con alta velocidad de transmisi\u00f3n. La capacidad es de 2 GB a 256 GB para elegir. Es compatible con la personalizaci\u00f3n de logotipos y embalajes. Worthspark se ha centrado en la producci\u00f3n de regalos electr\u00f3nicos durante 12 a\u00f1os. , Bienvenido a contactarnos<\/p>","protected":false},"excerpt":{"rendered":"<div data-zone-id=\"0\" data-line-index=\"1\">\n<div data-zone-id=\"0\" data-line-index=\"0\">Modelo de productos: MU598<\/div>\n<\/div>\n<div data-zone-id=\"0\" data-line-index=\"1\">Material de la carcasa: metal<\/div>\n<div data-zone-id=\"0\" data-line-index=\"2\">Tama\u00f1o: 49 * 15 * 5 mm<\/div>\n<div data-zone-id=\"0\" data-line-index=\"3\">Peso: 8g<\/div>\n<div data-zone-id=\"0\" data-line-index=\"4\">Capacidad: 1GB, 2GB, 4FB, 8GB, 16GB, 32GB, 64GB, 128GB, 256GB<\/div>\n<div data-zone-id=\"0\" data-line-index=\"5\">Chip de memoria: Samsung \/ Toshiba \/ Intel \/ Hynix<\/div>\n<div data-zone-id=\"0\" data-line-index=\"6\">Logotipo: Logotipo personalizado<\/div>\n<div data-zone-id=\"0\" data-line-index=\"7\">Tipo de interfaz: USB 2.0 \/ 3.0 de alta velocidad<\/div>\n<div data-zone-id=\"0\" data-line-index=\"8\">Sistema operativo: Windows XP, Windows 7 o superior, Linux<\/div>\n<div data-zone-id=\"0\" data-line-index=\"9\">Certificado: CE, FCC ROHS<\/div>","protected":false},"featured_media":21809,"template":"","meta":[],"product_cat":[123,124],"product_tag":[],"_links":{"self":[{"href":"https:\/\/worthspark.com\/es\/wp-json\/wp\/v2\/product\/21193"}],"collection":[{"href":"https:\/\/worthspark.com\/es\/wp-json\/wp\/v2\/product"}],"about":[{"href":"https:\/\/worthspark.com\/es\/wp-json\/wp\/v2\/types\/product"}],"wp:featuredmedia":[{"embeddable":true,"href":"https:\/\/worthspark.com\/es\/wp-json\/wp\/v2\/media\/21809"}],"wp:attachment":[{"href":"https:\/\/worthspark.com\/es\/wp-json\/wp\/v2\/media?parent=21193"}],"wp:term":[{"taxonomy":"product_cat","embeddable":true,"href":"https:\/\/worthspark.com\/es\/wp-json\/wp\/v2\/product_cat?post=21193"},{"taxonomy":"product_tag","embeddable":true,"href":"https:\/\/worthspark.com\/es\/wp-json\/wp\/v2\/product_tag?post=21193"}],"curies":[{"name":"wp","href":"https:\/\/api.w.org\/{rel}","templated":true}]}}