{"id":21197,"date":"2021-08-12T11:12:56","date_gmt":"2021-08-12T03:12:56","guid":{"rendered":"https:\/\/worthspark.com\/?post_type=product&#038;p=21197"},"modified":"2021-11-10T16:54:21","modified_gmt":"2021-11-10T08:54:21","slug":"multi-phone-usb","status":"publish","type":"product","link":"https:\/\/worthspark.com\/es\/producto\/multi-phone-usb\/","title":{"rendered":"USB de varios tel\u00e9fonos"},"content":{"rendered":"<p><strong>USB de varios tel\u00e9fonos<\/strong><\/p>\n<p>\u00bfSigues preocupado por la falta de memoria en tu tel\u00e9fono m\u00f3vil? El USB de un tel\u00e9fono m\u00f3vil puede ayudarlo a resolver este problema. Las dos interfaces se pueden utilizar en ordenadores y tel\u00e9fonos m\u00f3viles. Se puede seleccionar un chip de nivel A, 2GB-256GB, de modo que se puedan colocar archivos importantes en el tel\u00e9fono. La memoria USB ahora est\u00e1 encendida, lo que hace que el tel\u00e9fono sea m\u00e1s fluido.<\/p>","protected":false},"excerpt":{"rendered":"<div data-zone-id=\"0\" data-line-index=\"0\">Modelo de productos: MU792<\/div>\n<div data-zone-id=\"0\" data-line-index=\"0\">Material de la carcasa: ABS + Metal<br \/>\nTama\u00f1o: 72 * 20 * 12 mm<br \/>\nPeso: 15g<br \/>\nCapacidad: 1GB, 2GB, 4FB, 8GB, 16GB, 32GB, 64GB, 128GB, 256GB<br \/>\nChip de memoria: Samsung \/ Toshiba \/ Intel \/ Hynix<br \/>\nLogotipo: Logotipo personalizado<br \/>\nTipo de interfaz: USB 2.0 \/ 3.0 de alta velocidad<br \/>\nSistema operativo: Windows XP, Windows 7 o superior, Linux<br \/>\nCertificado: CE, FCC ROHS<\/div>","protected":false},"featured_media":21826,"template":"","meta":[],"product_cat":[123,124],"product_tag":[],"_links":{"self":[{"href":"https:\/\/worthspark.com\/es\/wp-json\/wp\/v2\/product\/21197"}],"collection":[{"href":"https:\/\/worthspark.com\/es\/wp-json\/wp\/v2\/product"}],"about":[{"href":"https:\/\/worthspark.com\/es\/wp-json\/wp\/v2\/types\/product"}],"wp:featuredmedia":[{"embeddable":true,"href":"https:\/\/worthspark.com\/es\/wp-json\/wp\/v2\/media\/21826"}],"wp:attachment":[{"href":"https:\/\/worthspark.com\/es\/wp-json\/wp\/v2\/media?parent=21197"}],"wp:term":[{"taxonomy":"product_cat","embeddable":true,"href":"https:\/\/worthspark.com\/es\/wp-json\/wp\/v2\/product_cat?post=21197"},{"taxonomy":"product_tag","embeddable":true,"href":"https:\/\/worthspark.com\/es\/wp-json\/wp\/v2\/product_tag?post=21197"}],"curies":[{"name":"wp","href":"https:\/\/api.w.org\/{rel}","templated":true}]}}