{"id":21198,"date":"2021-08-12T11:16:45","date_gmt":"2021-08-12T03:16:45","guid":{"rendered":"https:\/\/worthspark.com\/?post_type=product&#038;p=21198"},"modified":"2021-11-10T16:50:55","modified_gmt":"2021-11-10T08:50:55","slug":"custom-metal-card-usb","status":"publish","type":"product","link":"https:\/\/worthspark.com\/es\/producto\/custom-metal-card-usb\/","title":{"rendered":"Tarjeta de metal personalizada USB"},"content":{"rendered":"<p><strong>Tarjeta de metal USB<\/strong><\/p>\n<p>El dise\u00f1o de la carcasa de metal puede proteger mejor la unidad flash USB. La unidad flash USB de la tarjeta de cr\u00e9dito es f\u00e1cil de llevar en la billetera. El logotipo y la informaci\u00f3n promocional se pueden imprimir en la tarjeta. Es una buena opci\u00f3n para promociones, cooperaci\u00f3n empresarial y tarjetas de visita. La unidad flash USB tiene un chip de grado A incorporado, la capacidad de 2GB-256GB est\u00e1 disponible, bienvenido a consultar y personalizar<\/p>","protected":false},"excerpt":{"rendered":"<div data-zone-id=\"0\" data-line-index=\"1\">\n<div data-zone-id=\"0\" data-line-index=\"0\">Modelo de productos: MU829<\/div>\n<\/div>\n<div data-zone-id=\"0\" data-line-index=\"1\">Material de la carcasa: metal<\/div>\n<div data-zone-id=\"0\" data-line-index=\"2\">Tama\u00f1o: 87 * 55 * 2,5 mm<\/div>\n<div data-zone-id=\"0\" data-line-index=\"3\">Peso: 16 g<\/div>\n<div data-zone-id=\"0\" data-line-index=\"4\">Capacidad: 1GB, 2GB, 4FB, 8GB, 16GB, 32GB, 64GB, 128GB, 256GB<\/div>\n<div data-zone-id=\"0\" data-line-index=\"5\">Chip de memoria: Samsung \/ Toshiba \/ Intel \/ Hynix<\/div>\n<div data-zone-id=\"0\" data-line-index=\"6\">Logotipo: Logotipo personalizado<\/div>\n<div data-zone-id=\"0\" data-line-index=\"7\">Tipo de interfaz: USB 2.0 \/ 3.0 de alta velocidad<\/div>\n<div data-zone-id=\"0\" data-line-index=\"8\">Sistema operativo: Windows XP, Windows 7 o superior, Linux<\/div>\n<div data-zone-id=\"0\" data-line-index=\"9\">Certificado: CE, FCC ROHS<\/div>","protected":false},"featured_media":21828,"template":"","meta":[],"product_cat":[124,137,123],"product_tag":[],"_links":{"self":[{"href":"https:\/\/worthspark.com\/es\/wp-json\/wp\/v2\/product\/21198"}],"collection":[{"href":"https:\/\/worthspark.com\/es\/wp-json\/wp\/v2\/product"}],"about":[{"href":"https:\/\/worthspark.com\/es\/wp-json\/wp\/v2\/types\/product"}],"wp:featuredmedia":[{"embeddable":true,"href":"https:\/\/worthspark.com\/es\/wp-json\/wp\/v2\/media\/21828"}],"wp:attachment":[{"href":"https:\/\/worthspark.com\/es\/wp-json\/wp\/v2\/media?parent=21198"}],"wp:term":[{"taxonomy":"product_cat","embeddable":true,"href":"https:\/\/worthspark.com\/es\/wp-json\/wp\/v2\/product_cat?post=21198"},{"taxonomy":"product_tag","embeddable":true,"href":"https:\/\/worthspark.com\/es\/wp-json\/wp\/v2\/product_tag?post=21198"}],"curies":[{"name":"wp","href":"https:\/\/api.w.org\/{rel}","templated":true}]}}