{"id":21202,"date":"2021-08-12T11:23:02","date_gmt":"2021-08-12T03:23:02","guid":{"rendered":"https:\/\/worthspark.com\/?post_type=product&#038;p=21202"},"modified":"2021-11-10T16:47:36","modified_gmt":"2021-11-10T08:47:36","slug":"micro-flip-wallet-card-usb","status":"publish","type":"product","link":"https:\/\/worthspark.com\/es\/producto\/micro-flip-wallet-card-usb\/","title":{"rendered":"Tarjeta USB Micro Flip Wallet"},"content":{"rendered":"<p><strong>Tarjeta USB Flip Wallet<\/strong><\/p>\n<p>La tarjeta y la unidad flash USB est\u00e1n integradas. La unidad flash USB de la tarjeta de cr\u00e9dito es conveniente para llevar en la billetera. El logotipo y la informaci\u00f3n promocional se pueden imprimir en la tarjeta. Es una buena opci\u00f3n para promociones, cooperaci\u00f3n empresarial y tarjetas de visita. La tarjeta Flip Wallet USB tiene un chip de nivel A incorporado, la capacidad de 2GB -256GB est\u00e1 disponible, bienvenido a consultar y personalizar<\/p>\n<p>&nbsp;<\/p>","protected":false},"excerpt":{"rendered":"<div data-zone-id=\"0\" data-line-index=\"0\">\n<div data-zone-id=\"0\" data-line-index=\"0\">Modelo de productos: MU204<\/div>\n<\/div>\n<div data-zone-id=\"0\" data-line-index=\"0\">Material de la carcasa: ABS<\/div>\n<div data-zone-id=\"0\" data-line-index=\"1\">Tama\u00f1o: 84 * 52 * 3 mm<\/div>\n<div data-zone-id=\"0\" data-line-index=\"2\">Peso: 10g<\/div>\n<div data-zone-id=\"0\" data-line-index=\"3\">Capacidad: 1GB, 2GB, 4FB, 8GB, 16GB, 32GB, 64GB, 128GB, 256GB<\/div>\n<div data-zone-id=\"0\" data-line-index=\"4\">Chip de memoria: Samsung \/ Toshiba \/ Intel \/ Hynix<\/div>\n<div data-zone-id=\"0\" data-line-index=\"5\">Logotipo: Logotipo personalizado<\/div>\n<div data-zone-id=\"0\" data-line-index=\"6\">Tipo de interfaz: USB 2.0 \/ 3.0 de alta velocidad<\/div>\n<div data-zone-id=\"0\" data-line-index=\"7\">Sistema operativo: Windows XP, Windows 7 o superior, Linux<\/div>\n<div data-zone-id=\"0\" data-line-index=\"8\">Certificado: CE, FCC ROHS<\/div>","protected":false},"featured_media":21698,"template":"","meta":[],"product_cat":[123,124,136],"product_tag":[],"_links":{"self":[{"href":"https:\/\/worthspark.com\/es\/wp-json\/wp\/v2\/product\/21202"}],"collection":[{"href":"https:\/\/worthspark.com\/es\/wp-json\/wp\/v2\/product"}],"about":[{"href":"https:\/\/worthspark.com\/es\/wp-json\/wp\/v2\/types\/product"}],"wp:featuredmedia":[{"embeddable":true,"href":"https:\/\/worthspark.com\/es\/wp-json\/wp\/v2\/media\/21698"}],"wp:attachment":[{"href":"https:\/\/worthspark.com\/es\/wp-json\/wp\/v2\/media?parent=21202"}],"wp:term":[{"taxonomy":"product_cat","embeddable":true,"href":"https:\/\/worthspark.com\/es\/wp-json\/wp\/v2\/product_cat?post=21202"},{"taxonomy":"product_tag","embeddable":true,"href":"https:\/\/worthspark.com\/es\/wp-json\/wp\/v2\/product_tag?post=21202"}],"curies":[{"name":"wp","href":"https:\/\/api.w.org\/{rel}","templated":true}]}}