{"id":21203,"date":"2021-08-12T11:24:53","date_gmt":"2021-08-12T03:24:53","guid":{"rendered":"https:\/\/worthspark.com\/?post_type=product&#038;p=21203"},"modified":"2021-11-10T16:45:03","modified_gmt":"2021-11-10T08:45:03","slug":"wood-usb-flash-drive","status":"publish","type":"product","link":"https:\/\/worthspark.com\/es\/producto\/wood-usb-flash-drive\/","title":{"rendered":"Unidad flash USB de madera personalizada"},"content":{"rendered":"<p><strong>Unidad flash USB de madera<\/strong><\/p>\n<p>El dise\u00f1o cl\u00e1sico de la carcasa de madera hace que la apariencia de la unidad flash USB sea m\u00e1s hermosa. El chip de nivel A incorporado, usb2.0 \/ 3.0, hace que el disco USB tenga una velocidad de transmisi\u00f3n muy r\u00e1pida. La memoria es de 2GB-256GB para elegir, que es una boda y una buena opci\u00f3n para regalos de empresa.<\/p>","protected":false},"excerpt":{"rendered":"<div data-zone-id=\"0\" data-line-index=\"0\">\n<div data-zone-id=\"0\" data-line-index=\"0\">Modelo de productos: MU127<\/div>\n<\/div>\n<div data-zone-id=\"0\" data-line-index=\"0\">Tama\u00f1o: 84 * 52 * 3 mm<\/div>\n<div data-zone-id=\"0\" data-line-index=\"1\">Peso: 10g<\/div>\n<div data-zone-id=\"0\" data-line-index=\"2\">Capacidad: 1GB, 2GB, 4FB, 8GB, 16GB, 32GB, 64GB, 128GB, 256GB<\/div>\n<div data-zone-id=\"0\" data-line-index=\"3\">Chip de memoria: Samsung \/ Toshiba \/ Intel \/ Hynix<\/div>\n<div data-zone-id=\"0\" data-line-index=\"4\">Logotipo: Logotipo personalizado<\/div>\n<div data-zone-id=\"0\" data-line-index=\"5\">Tipo de interfaz: USB 2.0 \/ 3.0 de alta velocidad<\/div>\n<div data-zone-id=\"0\" data-line-index=\"6\">Sistema operativo: Windows XP, Windows 7 o superior, Linux<\/div>\n<div data-zone-id=\"0\" data-line-index=\"7\">Certificado: CE, FCC ROHS<\/div>","protected":false},"featured_media":21687,"template":"","meta":[],"product_cat":[124,123],"product_tag":[],"_links":{"self":[{"href":"https:\/\/worthspark.com\/es\/wp-json\/wp\/v2\/product\/21203"}],"collection":[{"href":"https:\/\/worthspark.com\/es\/wp-json\/wp\/v2\/product"}],"about":[{"href":"https:\/\/worthspark.com\/es\/wp-json\/wp\/v2\/types\/product"}],"wp:featuredmedia":[{"embeddable":true,"href":"https:\/\/worthspark.com\/es\/wp-json\/wp\/v2\/media\/21687"}],"wp:attachment":[{"href":"https:\/\/worthspark.com\/es\/wp-json\/wp\/v2\/media?parent=21203"}],"wp:term":[{"taxonomy":"product_cat","embeddable":true,"href":"https:\/\/worthspark.com\/es\/wp-json\/wp\/v2\/product_cat?post=21203"},{"taxonomy":"product_tag","embeddable":true,"href":"https:\/\/worthspark.com\/es\/wp-json\/wp\/v2\/product_tag?post=21203"}],"curies":[{"name":"wp","href":"https:\/\/api.w.org\/{rel}","templated":true}]}}