{"id":21204,"date":"2021-08-12T11:26:32","date_gmt":"2021-08-12T03:26:32","guid":{"rendered":"https:\/\/worthspark.com\/?post_type=product&#038;p=21204"},"modified":"2021-11-10T16:41:58","modified_gmt":"2021-11-10T08:41:58","slug":"customized-usb-stick-wood","status":"publish","type":"product","link":"https:\/\/worthspark.com\/es\/producto\/customized-usb-stick-wood\/","title":{"rendered":"Madera de memoria USB personalizada"},"content":{"rendered":"<p><strong>Madera de memoria USB<\/strong><\/p>\n<p>El dise\u00f1o cl\u00e1sico de la carcasa de madera hace que la apariencia de la memoria USB sea m\u00e1s hermosa. El chip de nivel A incorporado, usb2.0 \/ 3.0, hace que el pendrive tenga una velocidad de transmisi\u00f3n muy r\u00e1pida. La memoria es de 2GB-256GB para elegir, que es una boda y una buena opci\u00f3n para regalos de empresa.<\/p>","protected":false},"excerpt":{"rendered":"<div data-zone-id=\"0\" data-line-index=\"0\">\n<div data-zone-id=\"0\" data-line-index=\"0\">Modelo de productos: MU265<\/div>\n<\/div>\n<div data-zone-id=\"0\" data-line-index=\"0\">Material de la carcasa: madera<\/div>\n<div data-zone-id=\"0\" data-line-index=\"1\">Tama\u00f1o: 61 * 21 * 10 mm<\/div>\n<div data-zone-id=\"0\" data-line-index=\"2\">Peso: 9g<\/div>\n<div data-zone-id=\"0\" data-line-index=\"3\">Capacidad: 1GB, 2GB, 4FB, 8GB, 16GB, 32GB, 64GB, 128GB, 256GB<\/div>\n<div data-zone-id=\"0\" data-line-index=\"4\">Chip de memoria: Samsung \/ Toshiba \/ Intel \/ Hynix<\/div>\n<div data-zone-id=\"0\" data-line-index=\"5\">Logotipo: Logotipo personalizado<\/div>\n<div data-zone-id=\"0\" data-line-index=\"6\">Tipo de interfaz: USB 2.0 \/ 3.0 de alta velocidad<\/div>\n<div data-zone-id=\"0\" data-line-index=\"7\">Sistema operativo: Windows XP, Windows 7 o superior, Linux<\/div>\n<div data-zone-id=\"0\" data-line-index=\"8\">Certificado: CE, FCC ROHS<\/div>","protected":false},"featured_media":21740,"template":"","meta":[],"product_cat":[124,123],"product_tag":[],"_links":{"self":[{"href":"https:\/\/worthspark.com\/es\/wp-json\/wp\/v2\/product\/21204"}],"collection":[{"href":"https:\/\/worthspark.com\/es\/wp-json\/wp\/v2\/product"}],"about":[{"href":"https:\/\/worthspark.com\/es\/wp-json\/wp\/v2\/types\/product"}],"wp:featuredmedia":[{"embeddable":true,"href":"https:\/\/worthspark.com\/es\/wp-json\/wp\/v2\/media\/21740"}],"wp:attachment":[{"href":"https:\/\/worthspark.com\/es\/wp-json\/wp\/v2\/media?parent=21204"}],"wp:term":[{"taxonomy":"product_cat","embeddable":true,"href":"https:\/\/worthspark.com\/es\/wp-json\/wp\/v2\/product_cat?post=21204"},{"taxonomy":"product_tag","embeddable":true,"href":"https:\/\/worthspark.com\/es\/wp-json\/wp\/v2\/product_tag?post=21204"}],"curies":[{"name":"wp","href":"https:\/\/api.w.org\/{rel}","templated":true}]}}