{"id":21205,"date":"2021-08-12T11:28:22","date_gmt":"2021-08-12T03:28:22","guid":{"rendered":"https:\/\/worthspark.com\/?post_type=product&#038;p=21205"},"modified":"2021-11-10T16:40:34","modified_gmt":"2021-11-10T08:40:34","slug":"key-usb-flash-drive","status":"publish","type":"product","link":"https:\/\/worthspark.com\/es\/producto\/key-usb-flash-drive\/","title":{"rendered":"Unidad flash USB clave"},"content":{"rendered":"<p><strong>Unidad flash USB clave<\/strong><\/p>\n<p>El pendrive en forma de llave, el dise\u00f1o del llavero es f\u00e1cil de transportar, el chip de nivel A viene con usb2.0 \/ 3.0, por lo que la velocidad de transmisi\u00f3n de la unidad flash USB es m\u00e1s r\u00e1pida. El precio es barato, es una buena opci\u00f3n para la promoci\u00f3n de eventos, bienvenido a consultar y personalizar.<\/p>","protected":false},"excerpt":{"rendered":"<div data-zone-id=\"0\" data-line-index=\"0\">\n<div data-zone-id=\"0\" data-line-index=\"0\">Modelo de productos: MU218<\/div>\n<\/div>\n<div data-zone-id=\"0\" data-line-index=\"0\">Material de la carcasa: metal<\/div>\n<div data-zone-id=\"0\" data-line-index=\"1\">Tama\u00f1o: 56 * 23 * 4 mm<\/div>\n<div data-zone-id=\"0\" data-line-index=\"2\">Peso: 5g<\/div>\n<div data-zone-id=\"0\" data-line-index=\"3\">Capacidad: 1GB, 2GB, 4FB, 8GB, 16GB, 32GB, 64GB, 128GB, 256GB<\/div>\n<div data-zone-id=\"0\" data-line-index=\"4\">Chip de memoria: Samsung \/ Toshiba \/ Intel \/ Hynix<\/div>\n<div data-zone-id=\"0\" data-line-index=\"5\">Logotipo: Logotipo personalizado<\/div>\n<div data-zone-id=\"0\" data-line-index=\"6\">Tipo de interfaz: USB 2.0 \/ 3.0 de alta velocidad<\/div>\n<div data-zone-id=\"0\" data-line-index=\"7\">Sistema operativo: Windows XP, Windows 7 o superior, Linux<\/div>\n<div data-zone-id=\"0\" data-line-index=\"8\">Certificado: CE, FCC ROHS<\/div>","protected":false},"featured_media":21714,"template":"","meta":[],"product_cat":[124,136,123],"product_tag":[],"_links":{"self":[{"href":"https:\/\/worthspark.com\/es\/wp-json\/wp\/v2\/product\/21205"}],"collection":[{"href":"https:\/\/worthspark.com\/es\/wp-json\/wp\/v2\/product"}],"about":[{"href":"https:\/\/worthspark.com\/es\/wp-json\/wp\/v2\/types\/product"}],"wp:featuredmedia":[{"embeddable":true,"href":"https:\/\/worthspark.com\/es\/wp-json\/wp\/v2\/media\/21714"}],"wp:attachment":[{"href":"https:\/\/worthspark.com\/es\/wp-json\/wp\/v2\/media?parent=21205"}],"wp:term":[{"taxonomy":"product_cat","embeddable":true,"href":"https:\/\/worthspark.com\/es\/wp-json\/wp\/v2\/product_cat?post=21205"},{"taxonomy":"product_tag","embeddable":true,"href":"https:\/\/worthspark.com\/es\/wp-json\/wp\/v2\/product_tag?post=21205"}],"curies":[{"name":"wp","href":"https:\/\/api.w.org\/{rel}","templated":true}]}}