{"id":21207,"date":"2021-08-12T11:33:29","date_gmt":"2021-08-12T03:33:29","guid":{"rendered":"https:\/\/worthspark.com\/?post_type=product&#038;p=21207"},"modified":"2021-11-10T16:36:09","modified_gmt":"2021-11-10T08:36:09","slug":"leather-usb-stick","status":"publish","type":"product","link":"https:\/\/worthspark.com\/es\/producto\/leather-usb-stick\/","title":{"rendered":"Memoria USB de cuero"},"content":{"rendered":"<p><strong>Memoria USB de cuero<\/strong><\/p>\n<p>Esta es una memoria USB con una funda protectora de cuero + carcasa de metal. El dise\u00f1o de la funda protectora de cuero puede proteger mejor la memoria USB y el dise\u00f1o del llavero es f\u00e1cil de llevar. El chip de nivel A viene con usb2.0 \/ 3.0, lo que hace que la transmisi\u00f3n de la unidad USB sea m\u00e1s r\u00e1pida.<\/p>","protected":false},"excerpt":{"rendered":"<div data-zone-id=\"0\" data-line-index=\"0\">Modelo de productos: MU024<\/div>\n<div data-zone-id=\"0\" data-line-index=\"0\">Material de la carcasa: metal + cuero<\/div>\n<div data-zone-id=\"0\" data-line-index=\"1\">Tama\u00f1o: 62 * 28 * 12 mm<\/div>\n<div data-zone-id=\"0\" data-line-index=\"2\">Peso: 29g<\/div>\n<div data-zone-id=\"0\" data-line-index=\"3\">Capacidad: 1GB, 2GB, 4FB, 8GB, 16GB, 32GB, 64GB, 128GB, 256GB<\/div>\n<div data-zone-id=\"0\" data-line-index=\"4\">Chip de memoria: Samsung \/ Toshiba \/ Intel \/ Hynix<\/div>\n<div data-zone-id=\"0\" data-line-index=\"5\">Logotipo: Logotipo personalizado<\/div>\n<div data-zone-id=\"0\" data-line-index=\"6\">Tipo de interfaz: USB 2.0 \/ 3.0 de alta velocidad<\/div>\n<div data-zone-id=\"0\" data-line-index=\"7\">Sistema operativo: Windows XP, Windows 7 o superior, Linux<\/div>\n<div data-zone-id=\"0\" data-line-index=\"8\">Certificado: CE, FCC ROHS<\/div>","protected":false},"featured_media":22002,"template":"","meta":[],"product_cat":[124,137,123],"product_tag":[],"_links":{"self":[{"href":"https:\/\/worthspark.com\/es\/wp-json\/wp\/v2\/product\/21207"}],"collection":[{"href":"https:\/\/worthspark.com\/es\/wp-json\/wp\/v2\/product"}],"about":[{"href":"https:\/\/worthspark.com\/es\/wp-json\/wp\/v2\/types\/product"}],"wp:featuredmedia":[{"embeddable":true,"href":"https:\/\/worthspark.com\/es\/wp-json\/wp\/v2\/media\/22002"}],"wp:attachment":[{"href":"https:\/\/worthspark.com\/es\/wp-json\/wp\/v2\/media?parent=21207"}],"wp:term":[{"taxonomy":"product_cat","embeddable":true,"href":"https:\/\/worthspark.com\/es\/wp-json\/wp\/v2\/product_cat?post=21207"},{"taxonomy":"product_tag","embeddable":true,"href":"https:\/\/worthspark.com\/es\/wp-json\/wp\/v2\/product_tag?post=21207"}],"curies":[{"name":"wp","href":"https:\/\/api.w.org\/{rel}","templated":true}]}}