{"id":21208,"date":"2021-08-12T11:36:56","date_gmt":"2021-08-12T03:36:56","guid":{"rendered":"https:\/\/worthspark.com\/?post_type=product&#038;p=21208"},"modified":"2021-11-10T16:34:08","modified_gmt":"2021-11-10T08:34:08","slug":"pen-usb-manufacturer","status":"publish","type":"product","link":"https:\/\/worthspark.com\/es\/producto\/pen-usb-manufacturer\/","title":{"rendered":"Pen Unidad de memoria USB"},"content":{"rendered":"<p><strong>Pen Unidad de memoria USB<\/strong><\/p>\n<p>La unidad de memoria USB en forma de bol\u00edgrafo, que integra un bol\u00edgrafo y una unidad de memoria USB, es conveniente de llevar, chip de nivel A, USB2.0 \/ 3.0, velocidad de transmisi\u00f3n r\u00e1pida, una variedad de capacidades para elegir, adecuada para la cooperaci\u00f3n empresarial, bienvenido a consultar y personalizar<\/p>","protected":false},"excerpt":{"rendered":"<div data-zone-id=\"0\" data-line-index=\"0\">\n<div data-zone-id=\"0\" data-line-index=\"0\">Modelo de productos: MU085<\/div>\n<\/div>\n<div data-zone-id=\"0\" data-line-index=\"0\">Material de la carcasa: metal<\/div>\n<div data-zone-id=\"0\" data-line-index=\"1\">Tama\u00f1o: 145 * 14 * 14 mm<\/div>\n<div data-zone-id=\"0\" data-line-index=\"2\">Peso: 18g<\/div>\n<div data-zone-id=\"0\" data-line-index=\"3\">Capacidad: 1GB, 2GB, 4FB, 8GB, 16GB, 32GB, 64GB, 128GB, 256GB<\/div>\n<div data-zone-id=\"0\" data-line-index=\"4\">Chip de memoria: Samsung \/ Toshiba \/ Intel \/ Hynix<\/div>\n<div data-zone-id=\"0\" data-line-index=\"5\">Logotipo: Logotipo personalizado<\/div>\n<div data-zone-id=\"0\" data-line-index=\"6\">Tipo de interfaz: USB 2.0 \/ 3.0 de alta velocidad<\/div>\n<div data-zone-id=\"0\" data-line-index=\"7\">Sistema operativo: Windows XP, Windows 7 o superior, Linux<\/div>\n<div data-zone-id=\"0\" data-line-index=\"8\">Certificado: CE, FCC ROHS<\/div>","protected":false},"featured_media":21754,"template":"","meta":[],"product_cat":[124,136,123],"product_tag":[],"_links":{"self":[{"href":"https:\/\/worthspark.com\/es\/wp-json\/wp\/v2\/product\/21208"}],"collection":[{"href":"https:\/\/worthspark.com\/es\/wp-json\/wp\/v2\/product"}],"about":[{"href":"https:\/\/worthspark.com\/es\/wp-json\/wp\/v2\/types\/product"}],"wp:featuredmedia":[{"embeddable":true,"href":"https:\/\/worthspark.com\/es\/wp-json\/wp\/v2\/media\/21754"}],"wp:attachment":[{"href":"https:\/\/worthspark.com\/es\/wp-json\/wp\/v2\/media?parent=21208"}],"wp:term":[{"taxonomy":"product_cat","embeddable":true,"href":"https:\/\/worthspark.com\/es\/wp-json\/wp\/v2\/product_cat?post=21208"},{"taxonomy":"product_tag","embeddable":true,"href":"https:\/\/worthspark.com\/es\/wp-json\/wp\/v2\/product_tag?post=21208"}],"curies":[{"name":"wp","href":"https:\/\/api.w.org\/{rel}","templated":true}]}}