{"id":22073,"date":"2021-10-16T16:39:02","date_gmt":"2021-10-16T08:39:02","guid":{"rendered":"https:\/\/worthspark.com\/?post_type=product&#038;p=22073"},"modified":"2021-11-10T16:29:25","modified_gmt":"2021-11-10T08:29:25","slug":"wireless-car-charger","status":"publish","type":"product","link":"https:\/\/worthspark.com\/es\/producto\/wireless-car-charger\/","title":{"rendered":"El mejor cargador de coche inal\u00e1mbrico"},"content":{"rendered":"<div data-zone-id=\"0\" data-line-index=\"0\"><strong>Wireless Phone Charger for Car<\/strong><\/div>\n<div data-zone-id=\"0\" data-line-index=\"0\">\u00a0 WIC014 portable fast car charger adopts a gravity sensor system. The mobile phone can be firmly fixed when it is put in. It is suitable for all qi standard mobile phones. It is the most popular car phone holder charger on the market.<\/div>","protected":false},"excerpt":{"rendered":"<div data-zone-id=\"0\" data-line-index=\"1\">Modelo de productos: WIC014<\/div>\n<div data-zone-id=\"0\" data-line-index=\"1\">Material: pl\u00e1stico ABS<\/div>\n<div data-zone-id=\"0\" data-line-index=\"2\">Tama\u00f1o: 106 * 95 * 55 mm<\/div>\n<div data-zone-id=\"0\" data-line-index=\"3\">Peso neto \u00fanico \/ peso bruto: 69g<\/div>\n<div data-zone-id=\"0\" data-line-index=\"4\">Eficiencia de conversi\u00f3n: 80%<\/div>\n<div data-zone-id=\"0\" data-line-index=\"5\">Entrada: DC 5V \/ 1.5A<\/div>\n<div data-zone-id=\"0\" data-line-index=\"6\">Salida: DC 5V \/ 1A<\/div>\n<div data-zone-id=\"0\" data-line-index=\"7\">Distancia de transmisi\u00f3n: 5-10 mm<\/div>\n<div data-zone-id=\"0\" data-line-index=\"8\">Funci\u00f3n de protecci\u00f3n: protecci\u00f3n contra sobrecorriente, sobretemperatura<\/div>\n<div data-zone-id=\"0\" data-line-index=\"10\">Logotipo: Logotipo personalizado<\/div>\n<div data-zone-id=\"0\" data-line-index=\"11\">Certificado: CE, FCC ROHS<\/div>","protected":false},"featured_media":22074,"template":"","meta":[],"product_cat":[124,139],"product_tag":[140],"_links":{"self":[{"href":"https:\/\/worthspark.com\/es\/wp-json\/wp\/v2\/product\/22073"}],"collection":[{"href":"https:\/\/worthspark.com\/es\/wp-json\/wp\/v2\/product"}],"about":[{"href":"https:\/\/worthspark.com\/es\/wp-json\/wp\/v2\/types\/product"}],"wp:featuredmedia":[{"embeddable":true,"href":"https:\/\/worthspark.com\/es\/wp-json\/wp\/v2\/media\/22074"}],"wp:attachment":[{"href":"https:\/\/worthspark.com\/es\/wp-json\/wp\/v2\/media?parent=22073"}],"wp:term":[{"taxonomy":"product_cat","embeddable":true,"href":"https:\/\/worthspark.com\/es\/wp-json\/wp\/v2\/product_cat?post=22073"},{"taxonomy":"product_tag","embeddable":true,"href":"https:\/\/worthspark.com\/es\/wp-json\/wp\/v2\/product_tag?post=22073"}],"curies":[{"name":"wp","href":"https:\/\/api.w.org\/{rel}","templated":true}]}}