{"id":22079,"date":"2021-10-16T16:44:32","date_gmt":"2021-10-16T08:44:32","guid":{"rendered":"https:\/\/worthspark.com\/?post_type=product&#038;p=22079"},"modified":"2021-11-10T16:28:22","modified_gmt":"2021-11-10T08:28:22","slug":"22079","status":"publish","type":"product","link":"https:\/\/worthspark.com\/es\/producto\/22079\/","title":{"rendered":"Cargador inal\u00e1mbrico de madera personalizado"},"content":{"rendered":"<div data-zone-id=\"0\" data-line-index=\"0\"><strong>Cargador inal\u00e1mbrico de madera<\/strong><\/div>\n<div data-zone-id=\"0\" data-line-index=\"0\">\u00a0 Este es un cargador inal\u00e1mbrico con base de metal + caja de madera, carga de conversi\u00f3n de frecuencia inteligente de 5w \/ 7.5w \/ 10w, adecuado para todos los tel\u00e9fonos m\u00f3viles est\u00e1ndar Qi, es una buena opci\u00f3n para regalos y promociones, admite personalizaci\u00f3n del logotipo y la caja de empaque, bienvenido a consultar<\/div>","protected":false},"excerpt":{"rendered":"<div data-zone-id=\"0\" data-line-index=\"1\">Modelo de productos: WIC023<\/div>\n<div data-zone-id=\"0\" data-line-index=\"1\">Material: aleaci\u00f3n de aluminio + material de madera<\/div>\n<div data-zone-id=\"0\" data-line-index=\"2\">Tecnolog\u00eda de superficie: color primario<\/div>\n<div data-zone-id=\"0\" data-line-index=\"3\">Tama\u00f1o: 100 * 7 mm<\/div>\n<div data-zone-id=\"0\" data-line-index=\"4\">Peso neto: 70g<\/div>\n<div data-zone-id=\"0\" data-line-index=\"5\">Eficiencia de conversi\u00f3n: 73%<\/div>\n<div data-zone-id=\"0\" data-line-index=\"6\">Entrada: DC 5V \/ 2A, 9V \/ 1.67A<\/div>\n<div data-zone-id=\"0\" data-line-index=\"7\">Salida: DC 5V \/ 1A, 9V \/ 1.0A (potencia 5W, 9W compatible con 7.5W)<\/div>\n<div data-zone-id=\"0\" data-line-index=\"8\">Distancia de transmisi\u00f3n: 5-10 mm<\/div>\n<div data-zone-id=\"0\" data-line-index=\"9\">Protecci\u00f3n de seguridad: protecci\u00f3n contra sobrecorriente, sobrecalentamiento<\/div>\n<div data-zone-id=\"0\" data-line-index=\"10\">Proceso de LOGO: impresi\u00f3n de seda, impresi\u00f3n en color<\/div>\n<div data-zone-id=\"0\" data-line-index=\"11\">Logotipo: Logotipo personalizado<\/div>\n<div data-zone-id=\"0\" data-line-index=\"12\">Certificado: CE, FCC ROHS<\/div>","protected":false},"featured_media":22080,"template":"","meta":[],"product_cat":[124,139],"product_tag":[],"_links":{"self":[{"href":"https:\/\/worthspark.com\/es\/wp-json\/wp\/v2\/product\/22079"}],"collection":[{"href":"https:\/\/worthspark.com\/es\/wp-json\/wp\/v2\/product"}],"about":[{"href":"https:\/\/worthspark.com\/es\/wp-json\/wp\/v2\/types\/product"}],"wp:featuredmedia":[{"embeddable":true,"href":"https:\/\/worthspark.com\/es\/wp-json\/wp\/v2\/media\/22080"}],"wp:attachment":[{"href":"https:\/\/worthspark.com\/es\/wp-json\/wp\/v2\/media?parent=22079"}],"wp:term":[{"taxonomy":"product_cat","embeddable":true,"href":"https:\/\/worthspark.com\/es\/wp-json\/wp\/v2\/product_cat?post=22079"},{"taxonomy":"product_tag","embeddable":true,"href":"https:\/\/worthspark.com\/es\/wp-json\/wp\/v2\/product_tag?post=22079"}],"curies":[{"name":"wp","href":"https:\/\/api.w.org\/{rel}","templated":true}]}}