{"id":22085,"date":"2021-10-16T16:47:23","date_gmt":"2021-10-16T08:47:23","guid":{"rendered":"https:\/\/worthspark.com\/?post_type=product&#038;p=22085"},"modified":"2021-11-10T16:17:13","modified_gmt":"2021-11-10T08:17:13","slug":"dual-wireless-charger","status":"publish","type":"product","link":"https:\/\/worthspark.com\/es\/producto\/dual-wireless-charger\/","title":{"rendered":"Cargadores duales de madera a granel"},"content":{"rendered":"<p><strong>Dual Wood Chargers<\/strong><\/p>\n<p>10W wireless fast charging, support two mobile phones to charge at the same time, suitable for all Qi standard mobile phones, earphones can also be charged, suitable for family use, support packaging and logo customization, welcome to consult<\/p>","protected":false},"excerpt":{"rendered":"<div data-zone-id=\"0\" data-line-index=\"1\">\n<div data-zone-id=\"0\" data-line-index=\"0\">Modelo de productos: WIC025<\/div>\n<\/div>\n<div data-zone-id=\"0\" data-line-index=\"1\">Tama\u00f1o: 192 * 74 * 9 mm<\/div>\n<div data-zone-id=\"0\" data-line-index=\"2\">Peso neto: 75,6g<\/div>\n<div data-zone-id=\"0\" data-line-index=\"3\">Eficiencia de conversi\u00f3n: 73%<\/div>\n<div data-zone-id=\"0\" data-line-index=\"4\">Entrada: DC 5V \/ 2A, 9V \/ 3A<\/div>\n<div data-zone-id=\"0\" data-line-index=\"5\">Salida: 5w * 2 \/ 7.5w * 2 \/ 10w * 2 (m\u00e1x.)<\/div>\n<div data-zone-id=\"0\" data-line-index=\"6\">Distancia de transmisi\u00f3n: 3-8 mm<\/div>\n<div data-zone-id=\"0\" data-line-index=\"7\">Productos compatibles: Compatible con productos est\u00e1ndar de tecnolog\u00eda de carga inal\u00e1mbrica Qi<\/div>\n<div data-zone-id=\"0\" data-line-index=\"8\">Logotipo: Logotipo personalizado<\/div>\n<div data-zone-id=\"0\" data-line-index=\"9\">Certificado: CE, FCC ROHS<\/div>","protected":false},"featured_media":22086,"template":"","meta":[],"product_cat":[124,139],"product_tag":[],"_links":{"self":[{"href":"https:\/\/worthspark.com\/es\/wp-json\/wp\/v2\/product\/22085"}],"collection":[{"href":"https:\/\/worthspark.com\/es\/wp-json\/wp\/v2\/product"}],"about":[{"href":"https:\/\/worthspark.com\/es\/wp-json\/wp\/v2\/types\/product"}],"wp:featuredmedia":[{"embeddable":true,"href":"https:\/\/worthspark.com\/es\/wp-json\/wp\/v2\/media\/22086"}],"wp:attachment":[{"href":"https:\/\/worthspark.com\/es\/wp-json\/wp\/v2\/media?parent=22085"}],"wp:term":[{"taxonomy":"product_cat","embeddable":true,"href":"https:\/\/worthspark.com\/es\/wp-json\/wp\/v2\/product_cat?post=22085"},{"taxonomy":"product_tag","embeddable":true,"href":"https:\/\/worthspark.com\/es\/wp-json\/wp\/v2\/product_tag?post=22085"}],"curies":[{"name":"wp","href":"https:\/\/api.w.org\/{rel}","templated":true}]}}