{"id":22092,"date":"2021-10-16T16:50:28","date_gmt":"2021-10-16T08:50:28","guid":{"rendered":"https:\/\/worthspark.com\/?post_type=product&#038;p=22092"},"modified":"2021-11-10T16:16:18","modified_gmt":"2021-11-10T08:16:18","slug":"magnetic-wireless-charger","status":"publish","type":"product","link":"https:\/\/worthspark.com\/es\/producto\/magnetic-wireless-charger\/","title":{"rendered":"Cargador inal\u00e1mbrico magn\u00e9tico para Iphone"},"content":{"rendered":"<div data-zone-id=\"0\" data-line-index=\"0\"><strong>Cargador inal\u00e1mbrico Bwst para Iphone<\/strong><\/div>\n<div data-zone-id=\"0\" data-line-index=\"0\">\u00a0 \u00a0La mini carga inal\u00e1mbrica magn\u00e9tica se conecta directamente al tel\u00e9fono m\u00f3vil para cargar y disfrutar del placer de la portabilidad. Carga r\u00e1pida de 15 W, compatible con productos est\u00e1ndar de tecnolog\u00eda de carga inal\u00e1mbrica Qi, bienvenido a consultar y personalizar<\/div>\n<p>&nbsp;<\/p>\n<p>&nbsp;<\/p>","protected":false},"excerpt":{"rendered":"<div data-zone-id=\"0\" data-line-index=\"0\">Modelo: WIC027<\/div>\n<div data-zone-id=\"0\" data-line-index=\"1\">Material: aleaci\u00f3n de aluminio + material acr\u00edlico<\/div>\n<div data-zone-id=\"0\" data-line-index=\"2\">Tama\u00f1o: 52 \u00d7 5,2 mm<\/div>\n<div data-zone-id=\"0\" data-line-index=\"3\">Peso neto: 44g<\/div>\n<div data-zone-id=\"0\" data-line-index=\"4\">Eficiencia de conversi\u00f3n: 75%<\/div>\n<div data-zone-id=\"0\" data-line-index=\"5\">Entrada: DC 5V \/ 2A, 9V \/ 2.1A<\/div>\n<div data-zone-id=\"0\" data-line-index=\"6\">Salida: DC 5V \/ 1A, 7.5V \/ 1.0A, 8.7V \/ 1.6A<\/div>\n<div data-zone-id=\"0\" data-line-index=\"7\">Distancia de transmisi\u00f3n: 5-10 mm<\/div>\n<div data-zone-id=\"0\" data-line-index=\"8\">Logotipo: Logotipo personalizado<\/div>\n<div data-zone-id=\"0\" data-line-index=\"10\">Certificado: CE, FCC ROHS<\/div>","protected":false},"featured_media":22099,"template":"","meta":[],"product_cat":[124,139],"product_tag":[],"_links":{"self":[{"href":"https:\/\/worthspark.com\/es\/wp-json\/wp\/v2\/product\/22092"}],"collection":[{"href":"https:\/\/worthspark.com\/es\/wp-json\/wp\/v2\/product"}],"about":[{"href":"https:\/\/worthspark.com\/es\/wp-json\/wp\/v2\/types\/product"}],"wp:featuredmedia":[{"embeddable":true,"href":"https:\/\/worthspark.com\/es\/wp-json\/wp\/v2\/media\/22099"}],"wp:attachment":[{"href":"https:\/\/worthspark.com\/es\/wp-json\/wp\/v2\/media?parent=22092"}],"wp:term":[{"taxonomy":"product_cat","embeddable":true,"href":"https:\/\/worthspark.com\/es\/wp-json\/wp\/v2\/product_cat?post=22092"},{"taxonomy":"product_tag","embeddable":true,"href":"https:\/\/worthspark.com\/es\/wp-json\/wp\/v2\/product_tag?post=22092"}],"curies":[{"name":"wp","href":"https:\/\/api.w.org\/{rel}","templated":true}]}}