{"id":22100,"date":"2021-10-16T16:57:14","date_gmt":"2021-10-16T08:57:14","guid":{"rendered":"https:\/\/worthspark.com\/?post_type=product&#038;p=22100"},"modified":"2021-11-10T16:15:03","modified_gmt":"2021-11-10T08:15:03","slug":"22100","status":"publish","type":"product","link":"https:\/\/worthspark.com\/es\/producto\/22100\/","title":{"rendered":"Alfombrilla de rat\u00f3n de carga inal\u00e1mbrica"},"content":{"rendered":"<p><strong>Alfombrilla de rat\u00f3n de carga inal\u00e1mbrica<\/strong><\/p>\n<p>Este es un cargador inal\u00e1mbrico y tambi\u00e9n una alfombrilla de mouse, lo que le permite cargar mientras tambi\u00e9n act\u00faa como una alfombrilla de mouse, lo que hace que el escritorio sea m\u00e1s simple, adem\u00e1s, se puede usar como soporte para tel\u00e9fono m\u00f3vil<\/p>\n<p>&nbsp;<\/p>\n<p>&nbsp;<\/p>","protected":false},"excerpt":{"rendered":"<div data-zone-id=\"0\" data-line-index=\"1\">Modelo de productos: WIC028<\/div>\n<div data-zone-id=\"0\" data-line-index=\"1\">Material: PU + material de fibra<\/div>\n<div data-zone-id=\"0\" data-line-index=\"2\">Tama\u00f1o: 300 * 215 mm<\/div>\n<div data-zone-id=\"0\" data-line-index=\"3\">Peso neto: 85g<\/div>\n<div data-zone-id=\"0\" data-line-index=\"4\">Est\u00e1ndar: Qi<\/div>\n<div data-zone-id=\"0\" data-line-index=\"5\">Eficiencia de conversi\u00f3n: 78%<\/div>\n<div data-zone-id=\"0\" data-line-index=\"6\">Entrada: DC 5V \/ 2A, 9V \/ 2.0A<\/div>\n<div data-zone-id=\"0\" data-line-index=\"7\">Salida: DC 5V \/ 1A, 7.5V \/ 1.0A, 9.06V \/ 1.01A<\/div>\n<div data-zone-id=\"0\" data-line-index=\"8\">Distancia de transmisi\u00f3n: 2-8 mm<\/div>\n<div data-zone-id=\"0\" data-line-index=\"9\">Productos compatibles: Compatible con productos est\u00e1ndar de tecnolog\u00eda de carga inal\u00e1mbrica Qi<\/div>\n<div data-zone-id=\"0\" data-line-index=\"10\">Logotipo: Logotipo personalizado<\/div>\n<div data-zone-id=\"0\" data-line-index=\"11\">Certificado: CE, FCC ROHS<\/div>","protected":false},"featured_media":22101,"template":"","meta":[],"product_cat":[124,139],"product_tag":[],"_links":{"self":[{"href":"https:\/\/worthspark.com\/es\/wp-json\/wp\/v2\/product\/22100"}],"collection":[{"href":"https:\/\/worthspark.com\/es\/wp-json\/wp\/v2\/product"}],"about":[{"href":"https:\/\/worthspark.com\/es\/wp-json\/wp\/v2\/types\/product"}],"wp:featuredmedia":[{"embeddable":true,"href":"https:\/\/worthspark.com\/es\/wp-json\/wp\/v2\/media\/22101"}],"wp:attachment":[{"href":"https:\/\/worthspark.com\/es\/wp-json\/wp\/v2\/media?parent=22100"}],"wp:term":[{"taxonomy":"product_cat","embeddable":true,"href":"https:\/\/worthspark.com\/es\/wp-json\/wp\/v2\/product_cat?post=22100"},{"taxonomy":"product_tag","embeddable":true,"href":"https:\/\/worthspark.com\/es\/wp-json\/wp\/v2\/product_tag?post=22100"}],"curies":[{"name":"wp","href":"https:\/\/api.w.org\/{rel}","templated":true}]}}