{"id":22106,"date":"2021-10-16T17:00:54","date_gmt":"2021-10-16T09:00:54","guid":{"rendered":"https:\/\/worthspark.com\/?post_type=product&#038;p=22106"},"modified":"2021-11-10T16:13:54","modified_gmt":"2021-11-10T08:13:54","slug":"pen-holder-wireless-charger","status":"publish","type":"product","link":"https:\/\/worthspark.com\/es\/producto\/pen-holder-wireless-charger\/","title":{"rendered":"Cargador inal\u00e1mbrico para tel\u00e9fono con soporte para bol\u00edgrafo"},"content":{"rendered":"<div data-zone-id=\"0\" data-line-index=\"0\"><strong>Cargador de tel\u00e9fono port\u00e1til con soporte para bol\u00edgrafo<\/strong><\/div>\n<div data-zone-id=\"0\" data-line-index=\"0\">\u00a0 Este es un cargador inal\u00e1mbrico multifuncional que puede cargar su tel\u00e9fono mientras coloca bol\u00edgrafos y otros suministros de oficina, haciendo que su escritorio est\u00e9 m\u00e1s ordenado, compatible con el tel\u00e9fono est\u00e1ndar de tecnolog\u00eda de carga inal\u00e1mbrica Qi, bienvenido a consultar y personalizar<\/div>","protected":false},"excerpt":{"rendered":"<div data-zone-id=\"0\" data-line-index=\"0\">\n<div data-zone-id=\"0\" data-line-index=\"0\">Modelo de productos: WIC029<\/div>\n<div data-zone-id=\"0\" data-line-index=\"0\">Material: ABS<\/div>\n<div data-zone-id=\"0\" data-line-index=\"1\">Tama\u00f1o: 176 * 80 * 100 mm<\/div>\n<div data-zone-id=\"0\" data-line-index=\"2\">Peso neto: 176g<\/div>\n<div data-zone-id=\"0\" data-line-index=\"3\">Est\u00e1ndar: Qi<\/div>\n<div data-zone-id=\"0\" data-line-index=\"4\">Eficiencia de conversi\u00f3n: 78%<\/div>\n<div data-zone-id=\"0\" data-line-index=\"5\">Entrada: DC 5V \/ 2A, 9V \/ 2.0A<\/div>\n<div data-zone-id=\"0\" data-line-index=\"6\">Salida: DC 5V \/ 1A, 7.5V \/ 1.0A, 9.06V \/ 1.01A<\/div>\n<div data-zone-id=\"0\" data-line-index=\"7\">Distancia de transmisi\u00f3n: 2-8 mm<\/div>\n<div data-zone-id=\"0\" data-line-index=\"9\">Logotipo: Logotipo personalizado<\/div>\n<div data-zone-id=\"0\" data-line-index=\"10\">Certificado: CE, FCC ROHS<\/div>\n<\/div>","protected":false},"featured_media":22107,"template":"","meta":[],"product_cat":[124,139],"product_tag":[],"_links":{"self":[{"href":"https:\/\/worthspark.com\/es\/wp-json\/wp\/v2\/product\/22106"}],"collection":[{"href":"https:\/\/worthspark.com\/es\/wp-json\/wp\/v2\/product"}],"about":[{"href":"https:\/\/worthspark.com\/es\/wp-json\/wp\/v2\/types\/product"}],"wp:featuredmedia":[{"embeddable":true,"href":"https:\/\/worthspark.com\/es\/wp-json\/wp\/v2\/media\/22107"}],"wp:attachment":[{"href":"https:\/\/worthspark.com\/es\/wp-json\/wp\/v2\/media?parent=22106"}],"wp:term":[{"taxonomy":"product_cat","embeddable":true,"href":"https:\/\/worthspark.com\/es\/wp-json\/wp\/v2\/product_cat?post=22106"},{"taxonomy":"product_tag","embeddable":true,"href":"https:\/\/worthspark.com\/es\/wp-json\/wp\/v2\/product_tag?post=22106"}],"curies":[{"name":"wp","href":"https:\/\/api.w.org\/{rel}","templated":true}]}}