{"id":22600,"date":"2021-11-13T14:41:12","date_gmt":"2021-11-13T06:41:12","guid":{"rendered":"https:\/\/worthspark.com\/?post_type=product&#038;p=22600"},"modified":"2021-11-22T16:12:08","modified_gmt":"2021-11-22T08:12:08","slug":"magnetic-wireless-power-bank","status":"publish","type":"product","link":"https:\/\/worthspark.com\/es\/producto\/magnetic-wireless-power-bank\/","title":{"rendered":"Banco de energ\u00eda inal\u00e1mbrico magn\u00e9tico"},"content":{"rendered":"<p><strong>Banco de energ\u00eda inal\u00e1mbrico magn\u00e9tico<\/strong><\/p>\n<p>5000 mAh de gran capacidad, larga duraci\u00f3n de la bater\u00eda, la forma mini es f\u00e1cil de transportar, carga r\u00e1pida PD, la carga inal\u00e1mbrica es m\u00e1s r\u00e1pida, bienvenido a consultar y personalizar<\/p>","protected":false},"excerpt":{"rendered":"<p>N\u00famero de art\u00edculo: WIC036<\/p>\n<p>Paquete de bater\u00edas Magsafe<\/p>\n<p>Material: ABS + PC<\/p>\n<p>Entrada: 5 V 2A<\/p>\n<p>Interfaz de entrada: Lightning<\/p>\n<p>Salida: 5 V 2A<\/p>\n<p>Tipo de bater\u00eda: bater\u00eda de litio<\/p>\n<p>Capacidad de la bater\u00eda: 5000 Mah<\/p>\n<p>Tama\u00f1o del producto: 96 * 64 * 12 mm<\/p>\n<p>Peso del producto: 97g<\/p>\n<p>Tama\u00f1o del paquete: 115 * 86 * 26 mm<\/p>\n<p>Paquete con peso del producto: 114 g<\/p>\n<p>\u00bfQu\u00e9 hay en la caja? Paquete de bater\u00edas Magsafe, manual<\/p>\n<p>Tel\u00e9fono de soporte:<\/p>\n<p>iPhone 13 Pro, iPhone 13 Pro Max iPhone 13 mini, iPhone 13, iPhone 12 Pro, iPhone 12 Pro Max, iPhone 12 mini, iPhone 12<\/p>","protected":false},"featured_media":22632,"template":"","meta":[],"product_cat":[124,139],"product_tag":[],"_links":{"self":[{"href":"https:\/\/worthspark.com\/es\/wp-json\/wp\/v2\/product\/22600"}],"collection":[{"href":"https:\/\/worthspark.com\/es\/wp-json\/wp\/v2\/product"}],"about":[{"href":"https:\/\/worthspark.com\/es\/wp-json\/wp\/v2\/types\/product"}],"wp:featuredmedia":[{"embeddable":true,"href":"https:\/\/worthspark.com\/es\/wp-json\/wp\/v2\/media\/22632"}],"wp:attachment":[{"href":"https:\/\/worthspark.com\/es\/wp-json\/wp\/v2\/media?parent=22600"}],"wp:term":[{"taxonomy":"product_cat","embeddable":true,"href":"https:\/\/worthspark.com\/es\/wp-json\/wp\/v2\/product_cat?post=22600"},{"taxonomy":"product_tag","embeddable":true,"href":"https:\/\/worthspark.com\/es\/wp-json\/wp\/v2\/product_tag?post=22600"}],"curies":[{"name":"wp","href":"https:\/\/api.w.org\/{rel}","templated":true}]}}