{"id":22989,"date":"2021-12-25T13:51:34","date_gmt":"2021-12-25T05:51:34","guid":{"rendered":"https:\/\/worthspark.com\/?post_type=product&#038;p=22989"},"modified":"2021-12-29T16:57:53","modified_gmt":"2021-12-29T08:57:53","slug":"fast-wireless-charger","status":"publish","type":"product","link":"https:\/\/worthspark.com\/es\/producto\/fast-wireless-charger\/","title":{"rendered":"Cargador inal\u00e1mbrico r\u00e1pido"},"content":{"rendered":"<p><a href=\"https:\/\/worthspark.com\/es\/producto\/22079\/\">Carga inal\u00e1mbrica de madera<\/a>, carga r\u00e1pida de 15 W, apto para tel\u00e9fonos m\u00f3viles y auriculares Android y Apple, apariencia hermosa, logotipo y empaque personalizables, es una buena opci\u00f3n para regalar<\/p>","protected":false},"excerpt":{"rendered":"<div data-zone-id=\"0\" data-line-index=\"1\">Modelo de productos: WIC037<\/div>\n<div data-zone-id=\"0\" data-line-index=\"1\">Material: madera<\/div>\n<div data-zone-id=\"0\" data-line-index=\"2\">Tama\u00f1o: \u03c6100 * 4 mm<\/div>\n<div data-zone-id=\"0\" data-line-index=\"3\">Peso neto: 52g<\/div>\n<div data-zone-id=\"0\" data-line-index=\"5\">Eficiencia de conversi\u00f3n: 76%<\/div>\n<div data-zone-id=\"0\" data-line-index=\"6\">Potencia: compatible con 10w \/ 7.5w \/ 5w<\/div>\n<div data-zone-id=\"0\" data-line-index=\"7\">Voltaje de entrada: DC 5V \/ 2A, 9V \/ 1.67A, 9V2A<\/div>\n<div data-zone-id=\"0\" data-line-index=\"8\">Voltaje de salida: DC 5V \/ 1A, 9V \/ 1.1A, 9V \/ 1.56A<\/div>\n<div data-zone-id=\"0\" data-line-index=\"9\">Distancia de transmisi\u00f3n: 2-10 mm<\/div>\n<div data-zone-id=\"0\" data-line-index=\"11\">Logotipo: Logotipo personalizado<\/div>\n<div data-zone-id=\"0\" data-line-index=\"12\">Certificado: CE, FCC ROHS<\/div>","protected":false},"featured_media":23030,"template":"","meta":[],"product_cat":[124,139],"product_tag":[],"_links":{"self":[{"href":"https:\/\/worthspark.com\/es\/wp-json\/wp\/v2\/product\/22989"}],"collection":[{"href":"https:\/\/worthspark.com\/es\/wp-json\/wp\/v2\/product"}],"about":[{"href":"https:\/\/worthspark.com\/es\/wp-json\/wp\/v2\/types\/product"}],"wp:featuredmedia":[{"embeddable":true,"href":"https:\/\/worthspark.com\/es\/wp-json\/wp\/v2\/media\/23030"}],"wp:attachment":[{"href":"https:\/\/worthspark.com\/es\/wp-json\/wp\/v2\/media?parent=22989"}],"wp:term":[{"taxonomy":"product_cat","embeddable":true,"href":"https:\/\/worthspark.com\/es\/wp-json\/wp\/v2\/product_cat?post=22989"},{"taxonomy":"product_tag","embeddable":true,"href":"https:\/\/worthspark.com\/es\/wp-json\/wp\/v2\/product_tag?post=22989"}],"curies":[{"name":"wp","href":"https:\/\/api.w.org\/{rel}","templated":true}]}}