{"id":20437,"date":"2021-07-09T10:10:29","date_gmt":"2021-07-09T02:10:29","guid":{"rendered":"https:\/\/worthspark.com\/?post_type=product&#038;p=20437"},"modified":"2022-07-22T15:56:21","modified_gmt":"2022-07-22T07:56:21","slug":"mini-key-usb","status":"publish","type":"product","link":"https:\/\/worthspark.com\/fr\/produit\/mini-key-usb\/","title":{"rendered":"Mini cl\u00e9s USB en vrac en m\u00e9tal"},"content":{"rendered":"<p><strong>Mini cl\u00e9s USB en m\u00e9tal<\/strong><\/p>\n<p>C&#039;est la cl\u00e9 USB la plus populaire du march\u00e9. La forme m\u00e9tallique de la puce mini, usb2.\/3.0, de niveau A, acc\u00e9l\u00e8re la transmission. La capacit\u00e9 de 2 Go-256 Go est disponible. Il est largement utilis\u00e9 dans les activit\u00e9s de promotion, la coop\u00e9ration commerciale, etc.<\/p>","protected":false},"excerpt":{"rendered":"<div><span class=\"text-only\" data-eleid=\"4\"><strong>Mat\u00e9riau de la coque<\/strong>: m\u00e9tal<\/span><\/div>\n<div><span class=\"text-only\" data-eleid=\"6\"><strong>Taille<\/strong>: 39*12*4mm<\/span><\/div>\n<div><span class=\"text-only\" data-eleid=\"8\"><strong>Wight<\/strong>: 4g<\/span><\/div>\n<div><span class=\"text-only\" data-eleid=\"10\"><strong>Capacit\u00e9<\/strong>: 1 Go, 2 Go, 4 Go, 8 Go, 16 Go, 32 Go, 64 Go, 128 Go<\/span><\/div>\n<div><span class=\"text-only\" data-eleid=\"12\"><strong>Puce de m\u00e9moire<\/strong>: Samsung\/Toshiba\/Intel\/Hynix<\/span><\/div>\n<div><span class=\"text-only\" data-eleid=\"14\"><strong>Logo<\/strong>: Logo personnalis\u00e9<\/span><\/div>\n<div><span class=\"text-only\" data-eleid=\"16\"><strong>Type d&#039;interface<\/strong>: USB 2.0\/3.0 haute vitesse<\/span><\/div>\n<div><span class=\"text-only\" data-eleid=\"18\"><strong>Syst\u00e8me op\u00e9rateur<\/strong>: Windows XP, Windows 7 ou sup\u00e9rieur, Linux<\/span><\/div>\n<div><span class=\"text-only\" data-eleid=\"20\"><strong>Certificat<\/strong>: CE, FCC ROHS<\/span><\/div>","protected":false},"featured_media":20870,"template":"","meta":[],"product_cat":[124,136,123],"product_tag":[],"_links":{"self":[{"href":"https:\/\/worthspark.com\/fr\/wp-json\/wp\/v2\/product\/20437"}],"collection":[{"href":"https:\/\/worthspark.com\/fr\/wp-json\/wp\/v2\/product"}],"about":[{"href":"https:\/\/worthspark.com\/fr\/wp-json\/wp\/v2\/types\/product"}],"wp:featuredmedia":[{"embeddable":true,"href":"https:\/\/worthspark.com\/fr\/wp-json\/wp\/v2\/media\/20870"}],"wp:attachment":[{"href":"https:\/\/worthspark.com\/fr\/wp-json\/wp\/v2\/media?parent=20437"}],"wp:term":[{"taxonomy":"product_cat","embeddable":true,"href":"https:\/\/worthspark.com\/fr\/wp-json\/wp\/v2\/product_cat?post=20437"},{"taxonomy":"product_tag","embeddable":true,"href":"https:\/\/worthspark.com\/fr\/wp-json\/wp\/v2\/product_tag?post=20437"}],"curies":[{"name":"wp","href":"https:\/\/api.w.org\/{rel}","templated":true}]}}