{"id":21187,"date":"2021-08-12T10:51:47","date_gmt":"2021-08-12T02:51:47","guid":{"rendered":"https:\/\/worthspark.com\/?post_type=product&#038;p=21187"},"modified":"2021-11-10T17:09:18","modified_gmt":"2021-11-10T09:09:18","slug":"custom-bracelet-usb","status":"publish","type":"product","link":"https:\/\/worthspark.com\/fr\/produit\/custom-bracelet-usb\/","title":{"rendered":"Bracelet personnalis\u00e9 USB"},"content":{"rendered":"<p><strong>Bracelet USB<\/strong><\/p>\n<p>Le bracelet USB est facile \u00e0 transporter, la puce de niveau A acc\u00e9l\u00e8re la vitesse de transmission du lecteur USB, usb2.0\/3.0, une m\u00e9moire de 2 Go \u00e0 256 Go est disponible, prend en charge la personnalisation du logo et de l&#039;emballage, Worthspark se concentre sur la fabrication de lecteurs flash depuis 12 ans, bienvenue pour nous contacter<\/p>","protected":false},"excerpt":{"rendered":"<div data-zone-id=\"0\" data-line-index=\"1\">Mod\u00e8le de produits : MU124<\/div>\n<div data-zone-id=\"0\" data-line-index=\"1\">Mat\u00e9riau de la coque\u00a0:\u00a0caoutchouc<\/div>\n<div data-zone-id=\"0\" data-line-index=\"2\">Taille: 203*18*8mm<\/div>\n<div data-zone-id=\"0\" data-line-index=\"3\">Poids\u00a0:\u00a015\u00a0g<\/div>\n<div data-zone-id=\"0\" data-line-index=\"4\">Capacit\u00e9\u00a0: 1\u00a0Go, 2\u00a0Go, 4\u00a0FB, 8\u00a0Go, 16\u00a0Go, 32\u00a0Go, 64\u00a0Go, 128\u00a0Go, 256\u00a0Go<\/div>\n<div data-zone-id=\"0\" data-line-index=\"5\">Puce m\u00e9moire\u00a0: Samsung\/Toshiba\/Intel\/Hynix<\/div>\n<div data-zone-id=\"0\" data-line-index=\"6\">Logo:Logo personnalis\u00e9<\/div>\n<div data-zone-id=\"0\" data-line-index=\"7\">Type d&#039;interface\u00a0: USB 2.0\/3.0 haute vitesse<\/div>\n<div data-zone-id=\"0\" data-line-index=\"8\">Syst\u00e8me d&#039;exploitation : Windows XP, Windows 7 ou sup\u00e9rieur, Linux<\/div>\n<div data-zone-id=\"0\" data-line-index=\"9\">Certificat : CE, FCC ROHS<\/div>","protected":false},"featured_media":22011,"template":"","meta":[],"product_cat":[124,123],"product_tag":[],"_links":{"self":[{"href":"https:\/\/worthspark.com\/fr\/wp-json\/wp\/v2\/product\/21187"}],"collection":[{"href":"https:\/\/worthspark.com\/fr\/wp-json\/wp\/v2\/product"}],"about":[{"href":"https:\/\/worthspark.com\/fr\/wp-json\/wp\/v2\/types\/product"}],"wp:featuredmedia":[{"embeddable":true,"href":"https:\/\/worthspark.com\/fr\/wp-json\/wp\/v2\/media\/22011"}],"wp:attachment":[{"href":"https:\/\/worthspark.com\/fr\/wp-json\/wp\/v2\/media?parent=21187"}],"wp:term":[{"taxonomy":"product_cat","embeddable":true,"href":"https:\/\/worthspark.com\/fr\/wp-json\/wp\/v2\/product_cat?post=21187"},{"taxonomy":"product_tag","embeddable":true,"href":"https:\/\/worthspark.com\/fr\/wp-json\/wp\/v2\/product_tag?post=21187"}],"curies":[{"name":"wp","href":"https:\/\/api.w.org\/{rel}","templated":true}]}}