{"id":21189,"date":"2021-08-12T10:55:23","date_gmt":"2021-08-12T02:55:23","guid":{"rendered":"https:\/\/worthspark.com\/?post_type=product&#038;p=21189"},"modified":"2021-11-10T17:04:37","modified_gmt":"2021-11-10T09:04:37","slug":"metal-spin-pc-usb-stick","status":"publish","type":"product","link":"https:\/\/worthspark.com\/fr\/produit\/metal-spin-pc-usb-stick\/","title":{"rendered":"Cl\u00e9 USB pour PC en m\u00e9tal Spin"},"content":{"rendered":"<p><strong>Cl\u00e9 USB Spin PC<\/strong><\/p>\n<p>Faites tourner la cl\u00e9 USB PC pour mieux prot\u00e9ger la puce interne. Cette cl\u00e9 USB PC utilise une puce de qualit\u00e9 A avec une vitesse de transmission rapide. La capacit\u00e9 est de 2 Go \u00e0 256 Go au choix. Il prend en charge la personnalisation du logo et de l&#039;emballage. Worthspark se concentre sur la production de cadeaux \u00e9lectroniques depuis 12 ans. , Bienvenue \u00e0 nous contacter<\/p>","protected":false},"excerpt":{"rendered":"<div data-zone-id=\"0\" data-line-index=\"0\">Mod\u00e8le de produits\uff1aMU184<\/div>\n<div data-zone-id=\"0\" data-line-index=\"0\">Mat\u00e9riau de la coque\u00a0:\u00a0M\u00e9tal<br \/>\nTaille: 33*13*7mm<br \/>\nPoids\u00a0:\u00a04\u00a0g<br \/>\nCapacit\u00e9\u00a0: 1\u00a0Go, 2\u00a0Go, 4\u00a0FB, 8\u00a0Go, 16\u00a0Go, 32\u00a0Go, 64\u00a0Go, 128\u00a0Go, 256\u00a0Go<br \/>\nPuce m\u00e9moire\u00a0: Samsung\/Toshiba\/Intel\/Hynix<br \/>\nLogo:Logo personnalis\u00e9<br \/>\nType d&#039;interface\u00a0: USB 2.0\/3.0 haute vitesse<br \/>\nSyst\u00e8me d&#039;exploitation : Windows XP, Windows 7 ou sup\u00e9rieur, Linux<br \/>\nCertificat : CE, FCC ROHS<\/div>","protected":false},"featured_media":21800,"template":"","meta":[],"product_cat":[124,123],"product_tag":[],"_links":{"self":[{"href":"https:\/\/worthspark.com\/fr\/wp-json\/wp\/v2\/product\/21189"}],"collection":[{"href":"https:\/\/worthspark.com\/fr\/wp-json\/wp\/v2\/product"}],"about":[{"href":"https:\/\/worthspark.com\/fr\/wp-json\/wp\/v2\/types\/product"}],"wp:featuredmedia":[{"embeddable":true,"href":"https:\/\/worthspark.com\/fr\/wp-json\/wp\/v2\/media\/21800"}],"wp:attachment":[{"href":"https:\/\/worthspark.com\/fr\/wp-json\/wp\/v2\/media?parent=21189"}],"wp:term":[{"taxonomy":"product_cat","embeddable":true,"href":"https:\/\/worthspark.com\/fr\/wp-json\/wp\/v2\/product_cat?post=21189"},{"taxonomy":"product_tag","embeddable":true,"href":"https:\/\/worthspark.com\/fr\/wp-json\/wp\/v2\/product_tag?post=21189"}],"curies":[{"name":"wp","href":"https:\/\/api.w.org\/{rel}","templated":true}]}}