{"id":21192,"date":"2021-08-12T10:59:53","date_gmt":"2021-08-12T02:59:53","guid":{"rendered":"https:\/\/worthspark.com\/?post_type=product&#038;p=21192"},"modified":"2021-11-10T17:02:43","modified_gmt":"2021-11-10T09:02:43","slug":"the-key-rotating-usb","status":"publish","type":"product","link":"https:\/\/worthspark.com\/fr\/produit\/the-key-rotating-usb\/","title":{"rendered":"La cl\u00e9 USB rotative"},"content":{"rendered":"<p><strong>Cl\u00e9 USB rotative<\/strong><\/p>\n<p>Cl\u00e9 USB pivotante pour mieux prot\u00e9ger la puce interne. Cette cl\u00e9 USB rotative utilise une puce de grade A avec une vitesse de transmission rapide. La capacit\u00e9 est de 2 Go \u00e0 256 Go au choix. Il prend en charge la personnalisation du logo et de l&#039;emballage. Worthspark se concentre sur la production de cadeaux \u00e9lectroniques depuis 12 ans. , Bienvenue \u00e0 nous contacter<\/p>","protected":false},"excerpt":{"rendered":"<div data-zone-id=\"0\" data-line-index=\"0\">Mod\u00e8le de produits\uff1aMU202<\/div>\n<div data-zone-id=\"0\" data-line-index=\"0\">Mat\u00e9riau de la coque: ABS + m\u00e9tal<br \/>\nTaille: 60*22*10mm<br \/>\nPoids\u00a0: 12\u00a0g<br \/>\nCapacit\u00e9\u00a0: 1\u00a0Go, 2\u00a0Go, 4\u00a0FB, 8\u00a0Go, 16\u00a0Go, 32\u00a0Go, 64\u00a0Go, 128\u00a0Go, 256\u00a0Go<br \/>\nPuce m\u00e9moire\u00a0: Samsung\/Toshiba\/Intel\/Hynix<br \/>\nLogo:Logo personnalis\u00e9<br \/>\nType d&#039;interface\u00a0: USB 2.0\/3.0 haute vitesse<br \/>\nSyst\u00e8me d&#039;exploitation : Windows XP, Windows 7 ou sup\u00e9rieur, Linux<br \/>\nCertificat : CE, FCC ROHS<\/div>","protected":false},"featured_media":21807,"template":"","meta":[],"product_cat":[124,123],"product_tag":[],"_links":{"self":[{"href":"https:\/\/worthspark.com\/fr\/wp-json\/wp\/v2\/product\/21192"}],"collection":[{"href":"https:\/\/worthspark.com\/fr\/wp-json\/wp\/v2\/product"}],"about":[{"href":"https:\/\/worthspark.com\/fr\/wp-json\/wp\/v2\/types\/product"}],"wp:featuredmedia":[{"embeddable":true,"href":"https:\/\/worthspark.com\/fr\/wp-json\/wp\/v2\/media\/21807"}],"wp:attachment":[{"href":"https:\/\/worthspark.com\/fr\/wp-json\/wp\/v2\/media?parent=21192"}],"wp:term":[{"taxonomy":"product_cat","embeddable":true,"href":"https:\/\/worthspark.com\/fr\/wp-json\/wp\/v2\/product_cat?post=21192"},{"taxonomy":"product_tag","embeddable":true,"href":"https:\/\/worthspark.com\/fr\/wp-json\/wp\/v2\/product_tag?post=21192"}],"curies":[{"name":"wp","href":"https:\/\/api.w.org\/{rel}","templated":true}]}}