{"id":21193,"date":"2021-08-12T11:04:49","date_gmt":"2021-08-12T03:04:49","guid":{"rendered":"https:\/\/worthspark.com\/?post_type=product&#038;p=21193"},"modified":"2021-11-10T17:01:21","modified_gmt":"2021-11-10T09:01:21","slug":"mini-metal-usb-3-0","status":"publish","type":"product","link":"https:\/\/worthspark.com\/fr\/produit\/mini-metal-usb-3-0\/","title":{"rendered":"Cl\u00e9s USB en vrac en m\u00e9tal"},"content":{"rendered":"<p><strong>Cl\u00e9s USB en vrac en m\u00e9tal<\/strong><\/p>\n<p>The design of the keychain makes it easier to carry. This usb drive uses a grade A chip with fast transmission speed. The capacity is 2GB-256GB to choose from. It supports logo and packaging customization. Worthspark has been focusing on the production of electronic gifts for 12 years. ,Welcome to contact us<\/p>","protected":false},"excerpt":{"rendered":"<div data-zone-id=\"0\" data-line-index=\"1\">\n<div data-zone-id=\"0\" data-line-index=\"0\">Mod\u00e8le de produits : MU598<\/div>\n<\/div>\n<div data-zone-id=\"0\" data-line-index=\"1\">Mat\u00e9riau de la coque\u00a0:\u00a0M\u00e9tal<\/div>\n<div data-zone-id=\"0\" data-line-index=\"2\">Taille: 49*15*5mm<\/div>\n<div data-zone-id=\"0\" data-line-index=\"3\">Poids\u00a0:\u00a08\u00a0g<\/div>\n<div data-zone-id=\"0\" data-line-index=\"4\">Capacit\u00e9\u00a0: 1\u00a0Go, 2\u00a0Go, 4\u00a0FB, 8\u00a0Go, 16\u00a0Go, 32\u00a0Go, 64\u00a0Go, 128\u00a0Go, 256\u00a0Go<\/div>\n<div data-zone-id=\"0\" data-line-index=\"5\">Puce m\u00e9moire\u00a0: Samsung\/Toshiba\/Intel\/Hynix<\/div>\n<div data-zone-id=\"0\" data-line-index=\"6\">Logo:Logo personnalis\u00e9<\/div>\n<div data-zone-id=\"0\" data-line-index=\"7\">Type d&#039;interface\u00a0: USB 2.0\/3.0 haute vitesse<\/div>\n<div data-zone-id=\"0\" data-line-index=\"8\">Syst\u00e8me d&#039;exploitation : Windows XP, Windows 7 ou sup\u00e9rieur, Linux<\/div>\n<div data-zone-id=\"0\" data-line-index=\"9\">Certificat : CE, FCC ROHS<\/div>","protected":false},"featured_media":21809,"template":"","meta":[],"product_cat":[123,124],"product_tag":[],"_links":{"self":[{"href":"https:\/\/worthspark.com\/fr\/wp-json\/wp\/v2\/product\/21193"}],"collection":[{"href":"https:\/\/worthspark.com\/fr\/wp-json\/wp\/v2\/product"}],"about":[{"href":"https:\/\/worthspark.com\/fr\/wp-json\/wp\/v2\/types\/product"}],"wp:featuredmedia":[{"embeddable":true,"href":"https:\/\/worthspark.com\/fr\/wp-json\/wp\/v2\/media\/21809"}],"wp:attachment":[{"href":"https:\/\/worthspark.com\/fr\/wp-json\/wp\/v2\/media?parent=21193"}],"wp:term":[{"taxonomy":"product_cat","embeddable":true,"href":"https:\/\/worthspark.com\/fr\/wp-json\/wp\/v2\/product_cat?post=21193"},{"taxonomy":"product_tag","embeddable":true,"href":"https:\/\/worthspark.com\/fr\/wp-json\/wp\/v2\/product_tag?post=21193"}],"curies":[{"name":"wp","href":"https:\/\/api.w.org\/{rel}","templated":true}]}}