{"id":21194,"date":"2021-08-12T11:07:22","date_gmt":"2021-08-12T03:07:22","guid":{"rendered":"https:\/\/worthspark.com\/?post_type=product&#038;p=21194"},"modified":"2021-11-10T16:59:01","modified_gmt":"2021-11-10T08:59:01","slug":"mini-metal-swivel-usb","status":"publish","type":"product","link":"https:\/\/worthspark.com\/fr\/produit\/mini-metal-swivel-usb\/","title":{"rendered":"Mini USB pivotant en m\u00e9tal"},"content":{"rendered":"<p><strong>USB pivotant en m\u00e9tal<\/strong><\/p>\n<p>La conception en forme de mini-m\u00e9tal, lorsqu&#039;elle n&#039;utilise pas l&#039;usb, peut masquer la partie de contact du lecteur flash USB pour prot\u00e9ger le lecteur flash USB, ce lecteur flash USB utilise une puce de niveau A, une capacit\u00e9 de 2 Go \u00e0 256 Go est disponible, le logo de support et l&#039;emballage Personnalis\u00e9, bienvenue nous consulter<\/p>","protected":false},"excerpt":{"rendered":"<div data-zone-id=\"0\" data-line-index=\"1\">\n<div data-zone-id=\"0\" data-line-index=\"0\">Mod\u00e8le de produits : MU659<\/div>\n<\/div>\n<div data-zone-id=\"0\" data-line-index=\"1\">Mat\u00e9riau de la coque\u00a0:\u00a0M\u00e9tal<\/div>\n<div data-zone-id=\"0\" data-line-index=\"2\">Taille: 42*18*10mm<\/div>\n<div data-zone-id=\"0\" data-line-index=\"3\">Poids\u00a0:\u00a025\u00a0g<\/div>\n<div data-zone-id=\"0\" data-line-index=\"4\">Capacit\u00e9\u00a0: 1\u00a0Go, 2\u00a0Go, 4\u00a0FB, 8\u00a0Go, 16\u00a0Go, 32\u00a0Go, 64\u00a0Go, 128\u00a0Go, 256\u00a0Go<\/div>\n<div data-zone-id=\"0\" data-line-index=\"5\">Puce m\u00e9moire\u00a0: Samsung\/Toshiba\/Intel\/Hynix<\/div>\n<div data-zone-id=\"0\" data-line-index=\"6\">Logo:Logo personnalis\u00e9<\/div>\n<div data-zone-id=\"0\" data-line-index=\"7\">Type d&#039;interface\u00a0: USB 2.0\/3.0 haute vitesse<\/div>\n<div data-zone-id=\"0\" data-line-index=\"8\">Syst\u00e8me d&#039;exploitation : Windows XP, Windows 7 ou sup\u00e9rieur, Linux<\/div>\n<div data-zone-id=\"0\" data-line-index=\"9\">Certificat : CE, FCC ROHS<\/div>","protected":false},"featured_media":21814,"template":"","meta":[],"product_cat":[123,124,137],"product_tag":[],"_links":{"self":[{"href":"https:\/\/worthspark.com\/fr\/wp-json\/wp\/v2\/product\/21194"}],"collection":[{"href":"https:\/\/worthspark.com\/fr\/wp-json\/wp\/v2\/product"}],"about":[{"href":"https:\/\/worthspark.com\/fr\/wp-json\/wp\/v2\/types\/product"}],"wp:featuredmedia":[{"embeddable":true,"href":"https:\/\/worthspark.com\/fr\/wp-json\/wp\/v2\/media\/21814"}],"wp:attachment":[{"href":"https:\/\/worthspark.com\/fr\/wp-json\/wp\/v2\/media?parent=21194"}],"wp:term":[{"taxonomy":"product_cat","embeddable":true,"href":"https:\/\/worthspark.com\/fr\/wp-json\/wp\/v2\/product_cat?post=21194"},{"taxonomy":"product_tag","embeddable":true,"href":"https:\/\/worthspark.com\/fr\/wp-json\/wp\/v2\/product_tag?post=21194"}],"curies":[{"name":"wp","href":"https:\/\/api.w.org\/{rel}","templated":true}]}}