{"id":21195,"date":"2021-08-12T11:10:04","date_gmt":"2021-08-12T03:10:04","guid":{"rendered":"https:\/\/worthspark.com\/?post_type=product&#038;p=21195"},"modified":"2021-11-10T16:56:50","modified_gmt":"2021-11-10T08:56:50","slug":"push-pull-metal-usb-disk","status":"publish","type":"product","link":"https:\/\/worthspark.com\/fr\/produit\/push-pull-metal-usb-disk\/","title":{"rendered":"Disque USB en m\u00e9tal push-pull"},"content":{"rendered":"<p><strong>Disque USB en m\u00e9tal push-pull<\/strong><\/p>\n<p>La conception en forme de mini vous permet de cacher la partie de contact de la cl\u00e9 USB \u00e0 l&#039;int\u00e9rieur de la cl\u00e9 USB lorsque vous ne l&#039;utilisez pas, et elle ne semblera pas trop grande lorsque vous l&#039;enfilez sur le porte-cl\u00e9s. Cette cl\u00e9 USB utilise une puce de niveau A d&#039;une capacit\u00e9 de 2 Go \u00e0 256 Go. Pour le choix, le logo de support et la personnalisation de l&#039;emballage, n&#039;h\u00e9sitez pas \u00e0 nous consulter<\/p>","protected":false},"excerpt":{"rendered":"<div data-zone-id=\"0\" data-line-index=\"1\">\n<div data-zone-id=\"0\" data-line-index=\"0\">Mod\u00e8le de produits : MU739<\/div>\n<\/div>\n<div data-zone-id=\"0\" data-line-index=\"1\">Mat\u00e9riau de la coque\u00a0:\u00a0M\u00e9tal<\/div>\n<div data-zone-id=\"0\" data-line-index=\"2\">Taille: 33*20*7mm<\/div>\n<div data-zone-id=\"0\" data-line-index=\"3\">Poids: 7g<\/div>\n<div data-zone-id=\"0\" data-line-index=\"4\">Capacit\u00e9\u00a0: 1\u00a0Go, 2\u00a0Go, 4\u00a0FB, 8\u00a0Go, 16\u00a0Go, 32\u00a0Go, 64\u00a0Go, 128\u00a0Go, 256\u00a0Go<\/div>\n<div data-zone-id=\"0\" data-line-index=\"5\">Puce m\u00e9moire\u00a0: Samsung\/Toshiba\/Intel\/Hynix<\/div>\n<div data-zone-id=\"0\" data-line-index=\"6\">Logo:Logo personnalis\u00e9<\/div>\n<div data-zone-id=\"0\" data-line-index=\"7\">Type d&#039;interface\u00a0: USB 2.0\/3.0 haute vitesse<\/div>\n<div data-zone-id=\"0\" data-line-index=\"8\">Syst\u00e8me d&#039;exploitation : Windows XP, Windows 7 ou sup\u00e9rieur, Linux<\/div>\n<div data-zone-id=\"0\" data-line-index=\"9\">\n<p>Certificat : CE, FCC ROHS<\/p>\n<div data-zone-id=\"0\" data-line-index=\"0\">Num\u00e9ro de mod\u00e8le\u00a0:\u00a0MU739<\/div>\n<div data-zone-id=\"0\" data-line-index=\"1\">Mat\u00e9riau de la coque\u00a0:\u00a0M\u00e9tal<\/div>\n<div data-zone-id=\"0\" data-line-index=\"2\">Taille: 33*20*7mm<\/div>\n<div data-zone-id=\"0\" data-line-index=\"3\">Poids: 7g<\/div>\n<div data-zone-id=\"0\" data-line-index=\"4\">Capacit\u00e9\u00a0: 1\u00a0Go, 2\u00a0Go, 4\u00a0FB, 8\u00a0Go, 16\u00a0Go, 32\u00a0Go, 64\u00a0Go, 128\u00a0Go, 256\u00a0Go<\/div>\n<div data-zone-id=\"0\" data-line-index=\"5\">Puce m\u00e9moire\u00a0: Samsung\/Toshiba\/Intel\/Hynix<\/div>\n<div data-zone-id=\"0\" data-line-index=\"6\">Logo:Logo personnalis\u00e9<\/div>\n<div data-zone-id=\"0\" data-line-index=\"7\">Type d&#039;interface\u00a0: USB 2.0\/3.0 haute vitesse<\/div>\n<div data-zone-id=\"0\" data-line-index=\"8\">Syst\u00e8me d&#039;exploitation : Windows XP, Windows 7 ou sup\u00e9rieur, Linux<\/div>\n<div data-zone-id=\"0\" data-line-index=\"9\">Certificat : CE, FCC ROHS<\/div>\n<\/div>","protected":false},"featured_media":21820,"template":"","meta":[],"product_cat":[123,124,137],"product_tag":[],"_links":{"self":[{"href":"https:\/\/worthspark.com\/fr\/wp-json\/wp\/v2\/product\/21195"}],"collection":[{"href":"https:\/\/worthspark.com\/fr\/wp-json\/wp\/v2\/product"}],"about":[{"href":"https:\/\/worthspark.com\/fr\/wp-json\/wp\/v2\/types\/product"}],"wp:featuredmedia":[{"embeddable":true,"href":"https:\/\/worthspark.com\/fr\/wp-json\/wp\/v2\/media\/21820"}],"wp:attachment":[{"href":"https:\/\/worthspark.com\/fr\/wp-json\/wp\/v2\/media?parent=21195"}],"wp:term":[{"taxonomy":"product_cat","embeddable":true,"href":"https:\/\/worthspark.com\/fr\/wp-json\/wp\/v2\/product_cat?post=21195"},{"taxonomy":"product_tag","embeddable":true,"href":"https:\/\/worthspark.com\/fr\/wp-json\/wp\/v2\/product_tag?post=21195"}],"curies":[{"name":"wp","href":"https:\/\/api.w.org\/{rel}","templated":true}]}}