{"id":21197,"date":"2021-08-12T11:12:56","date_gmt":"2021-08-12T03:12:56","guid":{"rendered":"https:\/\/worthspark.com\/?post_type=product&#038;p=21197"},"modified":"2021-11-10T16:54:21","modified_gmt":"2021-11-10T08:54:21","slug":"multi-phone-usb","status":"publish","type":"product","link":"https:\/\/worthspark.com\/fr\/produit\/multi-phone-usb\/","title":{"rendered":"USB multi-t\u00e9l\u00e9phone"},"content":{"rendered":"<p><strong>USB multi-t\u00e9l\u00e9phone<\/strong><\/p>\n<p>Are you still worrying about the lack of memory in your mobile phone? A mobile phone USB can help you solve this problem. The two interfaces can be used on computers and mobile phones. A-level chip, 2GB-256GB may be selected, so that important files on the phone can be placed The usb stick is now on, making the phone smoother.<\/p>","protected":false},"excerpt":{"rendered":"<div data-zone-id=\"0\" data-line-index=\"0\">Mod\u00e8le de produits\uff1aMU792<\/div>\n<div data-zone-id=\"0\" data-line-index=\"0\">Mat\u00e9riau de la coque: ABS + m\u00e9tal<br \/>\nSize:72*20*12mm<br \/>\nPoids\u00a0:\u00a015\u00a0g<br \/>\nCapacit\u00e9\u00a0: 1\u00a0Go, 2\u00a0Go, 4\u00a0FB, 8\u00a0Go, 16\u00a0Go, 32\u00a0Go, 64\u00a0Go, 128\u00a0Go, 256\u00a0Go<br \/>\nPuce m\u00e9moire\u00a0: Samsung\/Toshiba\/Intel\/Hynix<br \/>\nLogo:Logo personnalis\u00e9<br \/>\nType d&#039;interface\u00a0: USB 2.0\/3.0 haute vitesse<br \/>\nSyst\u00e8me d&#039;exploitation : Windows XP, Windows 7 ou sup\u00e9rieur, Linux<br \/>\nCertificat : CE, FCC ROHS<\/div>","protected":false},"featured_media":21826,"template":"","meta":[],"product_cat":[123,124],"product_tag":[],"_links":{"self":[{"href":"https:\/\/worthspark.com\/fr\/wp-json\/wp\/v2\/product\/21197"}],"collection":[{"href":"https:\/\/worthspark.com\/fr\/wp-json\/wp\/v2\/product"}],"about":[{"href":"https:\/\/worthspark.com\/fr\/wp-json\/wp\/v2\/types\/product"}],"wp:featuredmedia":[{"embeddable":true,"href":"https:\/\/worthspark.com\/fr\/wp-json\/wp\/v2\/media\/21826"}],"wp:attachment":[{"href":"https:\/\/worthspark.com\/fr\/wp-json\/wp\/v2\/media?parent=21197"}],"wp:term":[{"taxonomy":"product_cat","embeddable":true,"href":"https:\/\/worthspark.com\/fr\/wp-json\/wp\/v2\/product_cat?post=21197"},{"taxonomy":"product_tag","embeddable":true,"href":"https:\/\/worthspark.com\/fr\/wp-json\/wp\/v2\/product_tag?post=21197"}],"curies":[{"name":"wp","href":"https:\/\/api.w.org\/{rel}","templated":true}]}}