{"id":21198,"date":"2021-08-12T11:16:45","date_gmt":"2021-08-12T03:16:45","guid":{"rendered":"https:\/\/worthspark.com\/?post_type=product&#038;p=21198"},"modified":"2021-11-10T16:50:55","modified_gmt":"2021-11-10T08:50:55","slug":"custom-metal-card-usb","status":"publish","type":"product","link":"https:\/\/worthspark.com\/fr\/produit\/custom-metal-card-usb\/","title":{"rendered":"Carte en m\u00e9tal personnalis\u00e9e USB"},"content":{"rendered":"<p><strong>Carte en m\u00e9tal USB<\/strong><\/p>\n<p>La conception de la coque en m\u00e9tal peut mieux prot\u00e9ger la cl\u00e9 USB. La cl\u00e9 USB pour carte de cr\u00e9dit est facile \u00e0 transporter dans le portefeuille. Le logo et les informations promotionnelles peuvent \u00eatre imprim\u00e9s sur la carte. C&#039;est un bon choix pour la promotion, la coop\u00e9ration commerciale et les cartes de visite. La cl\u00e9 USB est dot\u00e9e d&#039;une puce de qualit\u00e9 A int\u00e9gr\u00e9e, une capacit\u00e9 de 2 Go \u00e0 256 Go est disponible, bienvenue pour consulter et personnaliser<\/p>","protected":false},"excerpt":{"rendered":"<div data-zone-id=\"0\" data-line-index=\"1\">\n<div data-zone-id=\"0\" data-line-index=\"0\">Mod\u00e8le de produits : MU829<\/div>\n<\/div>\n<div data-zone-id=\"0\" data-line-index=\"1\">Mat\u00e9riau de la coque\u00a0:\u00a0M\u00e9tal<\/div>\n<div data-zone-id=\"0\" data-line-index=\"2\">Taille: 87*55*2.5mm<\/div>\n<div data-zone-id=\"0\" data-line-index=\"3\">Poids\u00a0:\u00a016\u00a0g<\/div>\n<div data-zone-id=\"0\" data-line-index=\"4\">Capacit\u00e9\u00a0: 1\u00a0Go, 2\u00a0Go, 4\u00a0FB, 8\u00a0Go, 16\u00a0Go, 32\u00a0Go, 64\u00a0Go, 128\u00a0Go, 256\u00a0Go<\/div>\n<div data-zone-id=\"0\" data-line-index=\"5\">Puce m\u00e9moire\u00a0: Samsung\/Toshiba\/Intel\/Hynix<\/div>\n<div data-zone-id=\"0\" data-line-index=\"6\">Logo:Logo personnalis\u00e9<\/div>\n<div data-zone-id=\"0\" data-line-index=\"7\">Type d&#039;interface\u00a0: USB 2.0\/3.0 haute vitesse<\/div>\n<div data-zone-id=\"0\" data-line-index=\"8\">Syst\u00e8me d&#039;exploitation : Windows XP, Windows 7 ou sup\u00e9rieur, Linux<\/div>\n<div data-zone-id=\"0\" data-line-index=\"9\">Certificat : CE, FCC ROHS<\/div>","protected":false},"featured_media":21828,"template":"","meta":[],"product_cat":[124,137,123],"product_tag":[],"_links":{"self":[{"href":"https:\/\/worthspark.com\/fr\/wp-json\/wp\/v2\/product\/21198"}],"collection":[{"href":"https:\/\/worthspark.com\/fr\/wp-json\/wp\/v2\/product"}],"about":[{"href":"https:\/\/worthspark.com\/fr\/wp-json\/wp\/v2\/types\/product"}],"wp:featuredmedia":[{"embeddable":true,"href":"https:\/\/worthspark.com\/fr\/wp-json\/wp\/v2\/media\/21828"}],"wp:attachment":[{"href":"https:\/\/worthspark.com\/fr\/wp-json\/wp\/v2\/media?parent=21198"}],"wp:term":[{"taxonomy":"product_cat","embeddable":true,"href":"https:\/\/worthspark.com\/fr\/wp-json\/wp\/v2\/product_cat?post=21198"},{"taxonomy":"product_tag","embeddable":true,"href":"https:\/\/worthspark.com\/fr\/wp-json\/wp\/v2\/product_tag?post=21198"}],"curies":[{"name":"wp","href":"https:\/\/api.w.org\/{rel}","templated":true}]}}