{"id":21202,"date":"2021-08-12T11:23:02","date_gmt":"2021-08-12T03:23:02","guid":{"rendered":"https:\/\/worthspark.com\/?post_type=product&#038;p=21202"},"modified":"2021-11-10T16:47:36","modified_gmt":"2021-11-10T08:47:36","slug":"micro-flip-wallet-card-usb","status":"publish","type":"product","link":"https:\/\/worthspark.com\/fr\/produit\/micro-flip-wallet-card-usb\/","title":{"rendered":"Carte USB Micro Flip Wallet"},"content":{"rendered":"<p><strong>Flip Wallet Carte USB<\/strong><\/p>\n<p>La carte et la cl\u00e9 USB sont int\u00e9gr\u00e9es. La cl\u00e9 USB pour carte de cr\u00e9dit est pratique \u00e0 transporter dans le portefeuille. Le logo et les informations promotionnelles peuvent \u00eatre imprim\u00e9s sur la carte. C&#039;est un bon choix pour la promotion, la coop\u00e9ration commerciale et les cartes de visite. La carte USB Flip Wallet a une puce de niveau A int\u00e9gr\u00e9e, une capacit\u00e9 de 2 Go \u00e0 256 Go est disponible, bienvenue pour consulter et personnaliser<\/p>\n<p>&nbsp;<\/p>","protected":false},"excerpt":{"rendered":"<div data-zone-id=\"0\" data-line-index=\"0\">\n<div data-zone-id=\"0\" data-line-index=\"0\">Mod\u00e8le de produits : MU204<\/div>\n<\/div>\n<div data-zone-id=\"0\" data-line-index=\"0\">Mat\u00e9riau de la coque\u00a0: ABS<\/div>\n<div data-zone-id=\"0\" data-line-index=\"1\">Taille: 84*52*3mm<\/div>\n<div data-zone-id=\"0\" data-line-index=\"2\">Poids\u00a0:\u00a010\u00a0g<\/div>\n<div data-zone-id=\"0\" data-line-index=\"3\">Capacit\u00e9\u00a0: 1\u00a0Go, 2\u00a0Go, 4\u00a0FB, 8\u00a0Go, 16\u00a0Go, 32\u00a0Go, 64\u00a0Go, 128\u00a0Go, 256\u00a0Go<\/div>\n<div data-zone-id=\"0\" data-line-index=\"4\">Puce m\u00e9moire\u00a0: Samsung\/Toshiba\/Intel\/Hynix<\/div>\n<div data-zone-id=\"0\" data-line-index=\"5\">Logo:Logo personnalis\u00e9<\/div>\n<div data-zone-id=\"0\" data-line-index=\"6\">Type d&#039;interface\u00a0: USB 2.0\/3.0 haute vitesse<\/div>\n<div data-zone-id=\"0\" data-line-index=\"7\">Syst\u00e8me d&#039;exploitation : Windows XP, Windows 7 ou sup\u00e9rieur, Linux<\/div>\n<div data-zone-id=\"0\" data-line-index=\"8\">Certificat : CE, FCC ROHS<\/div>","protected":false},"featured_media":21698,"template":"","meta":[],"product_cat":[123,124,136],"product_tag":[],"_links":{"self":[{"href":"https:\/\/worthspark.com\/fr\/wp-json\/wp\/v2\/product\/21202"}],"collection":[{"href":"https:\/\/worthspark.com\/fr\/wp-json\/wp\/v2\/product"}],"about":[{"href":"https:\/\/worthspark.com\/fr\/wp-json\/wp\/v2\/types\/product"}],"wp:featuredmedia":[{"embeddable":true,"href":"https:\/\/worthspark.com\/fr\/wp-json\/wp\/v2\/media\/21698"}],"wp:attachment":[{"href":"https:\/\/worthspark.com\/fr\/wp-json\/wp\/v2\/media?parent=21202"}],"wp:term":[{"taxonomy":"product_cat","embeddable":true,"href":"https:\/\/worthspark.com\/fr\/wp-json\/wp\/v2\/product_cat?post=21202"},{"taxonomy":"product_tag","embeddable":true,"href":"https:\/\/worthspark.com\/fr\/wp-json\/wp\/v2\/product_tag?post=21202"}],"curies":[{"name":"wp","href":"https:\/\/api.w.org\/{rel}","templated":true}]}}