{"id":21205,"date":"2021-08-12T11:28:22","date_gmt":"2021-08-12T03:28:22","guid":{"rendered":"https:\/\/worthspark.com\/?post_type=product&#038;p=21205"},"modified":"2021-11-10T16:40:34","modified_gmt":"2021-11-10T08:40:34","slug":"key-usb-flash-drive","status":"publish","type":"product","link":"https:\/\/worthspark.com\/fr\/produit\/key-usb-flash-drive\/","title":{"rendered":"Cl\u00e9 USB Flash Drive"},"content":{"rendered":"<p><strong>Cl\u00e9 USB Flash Drive<\/strong><\/p>\n<p>La cl\u00e9 USB en forme de cl\u00e9, la conception du porte-cl\u00e9s est facile \u00e0 transporter, la puce de niveau A est livr\u00e9e avec usb2.0\/3.0, de sorte que la vitesse de transmission de la cl\u00e9 USB est plus rapide. Le prix est bon march\u00e9, c&#039;est un bon choix pour la promotion d&#039;\u00e9v\u00e9nements, bienvenue pour consulter et personnaliser<\/p>","protected":false},"excerpt":{"rendered":"<div data-zone-id=\"0\" data-line-index=\"0\">\n<div data-zone-id=\"0\" data-line-index=\"0\">Mod\u00e8le de produits : MU218<\/div>\n<\/div>\n<div data-zone-id=\"0\" data-line-index=\"0\">Mat\u00e9riau de la coque\u00a0:\u00a0M\u00e9tal<\/div>\n<div data-zone-id=\"0\" data-line-index=\"1\">Taille: 56*23*4mm<\/div>\n<div data-zone-id=\"0\" data-line-index=\"2\">Poids\u00a0:\u00a05\u00a0g<\/div>\n<div data-zone-id=\"0\" data-line-index=\"3\">Capacit\u00e9\u00a0: 1\u00a0Go, 2\u00a0Go, 4\u00a0FB, 8\u00a0Go, 16\u00a0Go, 32\u00a0Go, 64\u00a0Go, 128\u00a0Go, 256\u00a0Go<\/div>\n<div data-zone-id=\"0\" data-line-index=\"4\">Puce m\u00e9moire\u00a0: Samsung\/Toshiba\/Intel\/Hynix<\/div>\n<div data-zone-id=\"0\" data-line-index=\"5\">Logo:Logo personnalis\u00e9<\/div>\n<div data-zone-id=\"0\" data-line-index=\"6\">Type d&#039;interface\u00a0: USB 2.0\/3.0 haute vitesse<\/div>\n<div data-zone-id=\"0\" data-line-index=\"7\">Syst\u00e8me d&#039;exploitation : Windows XP, Windows 7 ou sup\u00e9rieur, Linux<\/div>\n<div data-zone-id=\"0\" data-line-index=\"8\">Certificat : CE, FCC ROHS<\/div>","protected":false},"featured_media":21714,"template":"","meta":[],"product_cat":[124,136,123],"product_tag":[],"_links":{"self":[{"href":"https:\/\/worthspark.com\/fr\/wp-json\/wp\/v2\/product\/21205"}],"collection":[{"href":"https:\/\/worthspark.com\/fr\/wp-json\/wp\/v2\/product"}],"about":[{"href":"https:\/\/worthspark.com\/fr\/wp-json\/wp\/v2\/types\/product"}],"wp:featuredmedia":[{"embeddable":true,"href":"https:\/\/worthspark.com\/fr\/wp-json\/wp\/v2\/media\/21714"}],"wp:attachment":[{"href":"https:\/\/worthspark.com\/fr\/wp-json\/wp\/v2\/media?parent=21205"}],"wp:term":[{"taxonomy":"product_cat","embeddable":true,"href":"https:\/\/worthspark.com\/fr\/wp-json\/wp\/v2\/product_cat?post=21205"},{"taxonomy":"product_tag","embeddable":true,"href":"https:\/\/worthspark.com\/fr\/wp-json\/wp\/v2\/product_tag?post=21205"}],"curies":[{"name":"wp","href":"https:\/\/api.w.org\/{rel}","templated":true}]}}