{"id":21207,"date":"2021-08-12T11:33:29","date_gmt":"2021-08-12T03:33:29","guid":{"rendered":"https:\/\/worthspark.com\/?post_type=product&#038;p=21207"},"modified":"2021-11-10T16:36:09","modified_gmt":"2021-11-10T08:36:09","slug":"leather-usb-stick","status":"publish","type":"product","link":"https:\/\/worthspark.com\/fr\/produit\/leather-usb-stick\/","title":{"rendered":"Cl\u00e9 USB en cuir"},"content":{"rendered":"<p><strong>Cl\u00e9 USB en cuir<\/strong><\/p>\n<p>Il s&#039;agit d&#039;une cl\u00e9 usb avec une housse de protection en cuir + un bo\u00eetier en m\u00e9tal. La conception de la housse de protection en cuir permet de mieux prot\u00e9ger la cl\u00e9 USB et la conception du porte-cl\u00e9s est facile \u00e0 transporter. La puce de niveau A est livr\u00e9e avec usb2.0\/3.0, ce qui acc\u00e9l\u00e8re la transmission du lecteur USB.<\/p>","protected":false},"excerpt":{"rendered":"<div data-zone-id=\"0\" data-line-index=\"0\">Mod\u00e8le de produits : MU024<\/div>\n<div data-zone-id=\"0\" data-line-index=\"0\">Mat\u00e9riau de la coque : m\u00e9tal + cuir<\/div>\n<div data-zone-id=\"0\" data-line-index=\"1\">Taille: 62*28*12mm<\/div>\n<div data-zone-id=\"0\" data-line-index=\"2\">Poids:29g<\/div>\n<div data-zone-id=\"0\" data-line-index=\"3\">Capacit\u00e9\u00a0: 1\u00a0Go, 2\u00a0Go, 4\u00a0FB, 8\u00a0Go, 16\u00a0Go, 32\u00a0Go, 64\u00a0Go, 128\u00a0Go, 256\u00a0Go<\/div>\n<div data-zone-id=\"0\" data-line-index=\"4\">Puce m\u00e9moire\u00a0: Samsung\/Toshiba\/Intel\/Hynix<\/div>\n<div data-zone-id=\"0\" data-line-index=\"5\">Logo:Logo personnalis\u00e9<\/div>\n<div data-zone-id=\"0\" data-line-index=\"6\">Type d&#039;interface\u00a0: USB 2.0\/3.0 haute vitesse<\/div>\n<div data-zone-id=\"0\" data-line-index=\"7\">Syst\u00e8me d&#039;exploitation : Windows XP, Windows 7 ou sup\u00e9rieur, Linux<\/div>\n<div data-zone-id=\"0\" data-line-index=\"8\">Certificat : CE, FCC ROHS<\/div>","protected":false},"featured_media":22002,"template":"","meta":[],"product_cat":[124,137,123],"product_tag":[],"_links":{"self":[{"href":"https:\/\/worthspark.com\/fr\/wp-json\/wp\/v2\/product\/21207"}],"collection":[{"href":"https:\/\/worthspark.com\/fr\/wp-json\/wp\/v2\/product"}],"about":[{"href":"https:\/\/worthspark.com\/fr\/wp-json\/wp\/v2\/types\/product"}],"wp:featuredmedia":[{"embeddable":true,"href":"https:\/\/worthspark.com\/fr\/wp-json\/wp\/v2\/media\/22002"}],"wp:attachment":[{"href":"https:\/\/worthspark.com\/fr\/wp-json\/wp\/v2\/media?parent=21207"}],"wp:term":[{"taxonomy":"product_cat","embeddable":true,"href":"https:\/\/worthspark.com\/fr\/wp-json\/wp\/v2\/product_cat?post=21207"},{"taxonomy":"product_tag","embeddable":true,"href":"https:\/\/worthspark.com\/fr\/wp-json\/wp\/v2\/product_tag?post=21207"}],"curies":[{"name":"wp","href":"https:\/\/api.w.org\/{rel}","templated":true}]}}