{"id":21208,"date":"2021-08-12T11:36:56","date_gmt":"2021-08-12T03:36:56","guid":{"rendered":"https:\/\/worthspark.com\/?post_type=product&#038;p=21208"},"modified":"2021-11-10T16:34:08","modified_gmt":"2021-11-10T08:34:08","slug":"pen-usb-manufacturer","status":"publish","type":"product","link":"https:\/\/worthspark.com\/fr\/produit\/pen-usb-manufacturer\/","title":{"rendered":"Stylo Cl\u00e9 USB"},"content":{"rendered":"<p><strong>Stylo Cl\u00e9 USB<\/strong><\/p>\n<p>Cl\u00e9 USB en forme de stylo, qui int\u00e8gre un stylo et une cl\u00e9 USB, est pratique \u00e0 transporter, puce de niveau A, USB2.0\/3.0, vitesse de transmission rapide, une vari\u00e9t\u00e9 de capacit\u00e9s au choix, adapt\u00e9e \u00e0 la coop\u00e9ration commerciale, bienvenue \u00e0 consulter et personnaliser<\/p>","protected":false},"excerpt":{"rendered":"<div data-zone-id=\"0\" data-line-index=\"0\">\n<div data-zone-id=\"0\" data-line-index=\"0\">Mod\u00e8le de produits : MU085<\/div>\n<\/div>\n<div data-zone-id=\"0\" data-line-index=\"0\">Mat\u00e9riau de la coque\u00a0:\u00a0M\u00e9tal<\/div>\n<div data-zone-id=\"0\" data-line-index=\"1\">Taille:145*14*14mm<\/div>\n<div data-zone-id=\"0\" data-line-index=\"2\">Poids\u00a0:\u00a018\u00a0g<\/div>\n<div data-zone-id=\"0\" data-line-index=\"3\">Capacit\u00e9\u00a0: 1\u00a0Go, 2\u00a0Go, 4\u00a0FB, 8\u00a0Go, 16\u00a0Go, 32\u00a0Go, 64\u00a0Go, 128\u00a0Go, 256\u00a0Go<\/div>\n<div data-zone-id=\"0\" data-line-index=\"4\">Puce m\u00e9moire\u00a0: Samsung\/Toshiba\/Intel\/Hynix<\/div>\n<div data-zone-id=\"0\" data-line-index=\"5\">Logo:Logo personnalis\u00e9<\/div>\n<div data-zone-id=\"0\" data-line-index=\"6\">Type d&#039;interface\u00a0: USB 2.0\/3.0 haute vitesse<\/div>\n<div data-zone-id=\"0\" data-line-index=\"7\">Syst\u00e8me d&#039;exploitation : Windows XP, Windows 7 ou sup\u00e9rieur, Linux<\/div>\n<div data-zone-id=\"0\" data-line-index=\"8\">Certificat : CE, FCC ROHS<\/div>","protected":false},"featured_media":21754,"template":"","meta":[],"product_cat":[124,136,123],"product_tag":[],"_links":{"self":[{"href":"https:\/\/worthspark.com\/fr\/wp-json\/wp\/v2\/product\/21208"}],"collection":[{"href":"https:\/\/worthspark.com\/fr\/wp-json\/wp\/v2\/product"}],"about":[{"href":"https:\/\/worthspark.com\/fr\/wp-json\/wp\/v2\/types\/product"}],"wp:featuredmedia":[{"embeddable":true,"href":"https:\/\/worthspark.com\/fr\/wp-json\/wp\/v2\/media\/21754"}],"wp:attachment":[{"href":"https:\/\/worthspark.com\/fr\/wp-json\/wp\/v2\/media?parent=21208"}],"wp:term":[{"taxonomy":"product_cat","embeddable":true,"href":"https:\/\/worthspark.com\/fr\/wp-json\/wp\/v2\/product_cat?post=21208"},{"taxonomy":"product_tag","embeddable":true,"href":"https:\/\/worthspark.com\/fr\/wp-json\/wp\/v2\/product_tag?post=21208"}],"curies":[{"name":"wp","href":"https:\/\/api.w.org\/{rel}","templated":true}]}}