{"id":22079,"date":"2021-10-16T16:44:32","date_gmt":"2021-10-16T08:44:32","guid":{"rendered":"https:\/\/worthspark.com\/?post_type=product&#038;p=22079"},"modified":"2021-11-10T16:28:22","modified_gmt":"2021-11-10T08:28:22","slug":"22079","status":"publish","type":"product","link":"https:\/\/worthspark.com\/fr\/produit\/22079\/","title":{"rendered":"Chargeur sans fil en bois personnalis\u00e9"},"content":{"rendered":"<div data-zone-id=\"0\" data-line-index=\"0\"><strong>Chargeur sans fil en bois<\/strong><\/div>\n<div data-zone-id=\"0\" data-line-index=\"0\">\u00a0 Il s&#039;agit d&#039;un chargeur sans fil avec base en m\u00e9tal + bo\u00eetier en bois, charge de conversion de fr\u00e9quence intelligente 5w\/7,5w\/10w, adapt\u00e9 \u00e0 tous les t\u00e9l\u00e9phones mobiles standard Qi, est un bon choix pour les cadeaux et les promotions, prend en charge la personnalisation du logo et de la bo\u00eete d&#039;emballage, bienvenue \u00e0 consulter<\/div>","protected":false},"excerpt":{"rendered":"<div data-zone-id=\"0\" data-line-index=\"1\">Mod\u00e8le de produits : WIC023<\/div>\n<div data-zone-id=\"0\" data-line-index=\"1\">Mat\u00e9riel: alliage d&#039;aluminium + mat\u00e9riau en bois<\/div>\n<div data-zone-id=\"0\" data-line-index=\"2\">Technologie de surface : couleur primaire<\/div>\n<div data-zone-id=\"0\" data-line-index=\"3\">Taille: 100*7mm<\/div>\n<div data-zone-id=\"0\" data-line-index=\"4\">Poids net : 70g<\/div>\n<div data-zone-id=\"0\" data-line-index=\"5\">Efficacit\u00e9 de conversion : 73%<\/div>\n<div data-zone-id=\"0\" data-line-index=\"6\">Entr\u00e9e\u00a0: CC 5\u00a0V\/2\u00a0A, 9\u00a0V\/1,67\u00a0A<\/div>\n<div data-zone-id=\"0\" data-line-index=\"7\">Sortie : DC 5V\/1A, 9V\/1.0A (puissance 5W, 9W compatible avec 7.5W)<\/div>\n<div data-zone-id=\"0\" data-line-index=\"8\">Distance de transmission: 5-10mm<\/div>\n<div data-zone-id=\"0\" data-line-index=\"9\">Protection de s\u00e9curit\u00e9: surintensit\u00e9, protection contre la surchauffe<\/div>\n<div data-zone-id=\"0\" data-line-index=\"10\">Processus de LOGO : impression en soie, impression couleur<\/div>\n<div data-zone-id=\"0\" data-line-index=\"11\">Logo:Logo personnalis\u00e9<\/div>\n<div data-zone-id=\"0\" data-line-index=\"12\">Certificat : CE, FCC ROHS<\/div>","protected":false},"featured_media":22080,"template":"","meta":[],"product_cat":[124,139],"product_tag":[],"_links":{"self":[{"href":"https:\/\/worthspark.com\/fr\/wp-json\/wp\/v2\/product\/22079"}],"collection":[{"href":"https:\/\/worthspark.com\/fr\/wp-json\/wp\/v2\/product"}],"about":[{"href":"https:\/\/worthspark.com\/fr\/wp-json\/wp\/v2\/types\/product"}],"wp:featuredmedia":[{"embeddable":true,"href":"https:\/\/worthspark.com\/fr\/wp-json\/wp\/v2\/media\/22080"}],"wp:attachment":[{"href":"https:\/\/worthspark.com\/fr\/wp-json\/wp\/v2\/media?parent=22079"}],"wp:term":[{"taxonomy":"product_cat","embeddable":true,"href":"https:\/\/worthspark.com\/fr\/wp-json\/wp\/v2\/product_cat?post=22079"},{"taxonomy":"product_tag","embeddable":true,"href":"https:\/\/worthspark.com\/fr\/wp-json\/wp\/v2\/product_tag?post=22079"}],"curies":[{"name":"wp","href":"https:\/\/api.w.org\/{rel}","templated":true}]}}