{"id":22092,"date":"2021-10-16T16:50:28","date_gmt":"2021-10-16T08:50:28","guid":{"rendered":"https:\/\/worthspark.com\/?post_type=product&#038;p=22092"},"modified":"2021-11-10T16:16:18","modified_gmt":"2021-11-10T08:16:18","slug":"magnetic-wireless-charger","status":"publish","type":"product","link":"https:\/\/worthspark.com\/fr\/produit\/magnetic-wireless-charger\/","title":{"rendered":"Chargeur magn\u00e9tique sans fil pour Iphone"},"content":{"rendered":"<div data-zone-id=\"0\" data-line-index=\"0\"><strong>Chargeur sans fil Bwst pour Iphone<\/strong><\/div>\n<div data-zone-id=\"0\" data-line-index=\"0\">\u00a0 \u00a0La mini charge sans fil magn\u00e9tique est directement attach\u00e9e au t\u00e9l\u00e9phone portable pour charger et profiter du plaisir de la portabilit\u00e9. Charge rapide de 15 W, compatible avec les produits standard de la technologie de charge sans fil Qi, bienvenue pour consulter et personnaliser<\/div>\n<p>&nbsp;<\/p>\n<p>&nbsp;<\/p>","protected":false},"excerpt":{"rendered":"<div data-zone-id=\"0\" data-line-index=\"0\">Mod\u00e8le : WIC027<\/div>\n<div data-zone-id=\"0\" data-line-index=\"1\">Mat\u00e9riel: alliage d&#039;aluminium + mat\u00e9riel acrylique<\/div>\n<div data-zone-id=\"0\" data-line-index=\"2\">Taille : 52 \u00d7 5,2 mm<\/div>\n<div data-zone-id=\"0\" data-line-index=\"3\">Poids net : 44g<\/div>\n<div data-zone-id=\"0\" data-line-index=\"4\">Efficacit\u00e9 de conversion : 75%<\/div>\n<div data-zone-id=\"0\" data-line-index=\"5\">Entr\u00e9e\u00a0: CC 5\u00a0V\/2\u00a0A, 9\u00a0V\/2,1\u00a0A<\/div>\n<div data-zone-id=\"0\" data-line-index=\"6\">Sortie\u00a0: CC 5\u00a0V\/1\u00a0A, 7,5\u00a0V\/1,0\u00a0A, 8,7\u00a0V\/1,6\u00a0A<\/div>\n<div data-zone-id=\"0\" data-line-index=\"7\">Distance de transmission: 5-10mm<\/div>\n<div data-zone-id=\"0\" data-line-index=\"8\">Logo:Logo personnalis\u00e9<\/div>\n<div data-zone-id=\"0\" data-line-index=\"10\">Certificat : CE, FCC ROHS<\/div>","protected":false},"featured_media":22099,"template":"","meta":[],"product_cat":[124,139],"product_tag":[],"_links":{"self":[{"href":"https:\/\/worthspark.com\/fr\/wp-json\/wp\/v2\/product\/22092"}],"collection":[{"href":"https:\/\/worthspark.com\/fr\/wp-json\/wp\/v2\/product"}],"about":[{"href":"https:\/\/worthspark.com\/fr\/wp-json\/wp\/v2\/types\/product"}],"wp:featuredmedia":[{"embeddable":true,"href":"https:\/\/worthspark.com\/fr\/wp-json\/wp\/v2\/media\/22099"}],"wp:attachment":[{"href":"https:\/\/worthspark.com\/fr\/wp-json\/wp\/v2\/media?parent=22092"}],"wp:term":[{"taxonomy":"product_cat","embeddable":true,"href":"https:\/\/worthspark.com\/fr\/wp-json\/wp\/v2\/product_cat?post=22092"},{"taxonomy":"product_tag","embeddable":true,"href":"https:\/\/worthspark.com\/fr\/wp-json\/wp\/v2\/product_tag?post=22092"}],"curies":[{"name":"wp","href":"https:\/\/api.w.org\/{rel}","templated":true}]}}