{"id":22100,"date":"2021-10-16T16:57:14","date_gmt":"2021-10-16T08:57:14","guid":{"rendered":"https:\/\/worthspark.com\/?post_type=product&#038;p=22100"},"modified":"2021-11-10T16:15:03","modified_gmt":"2021-11-10T08:15:03","slug":"22100","status":"publish","type":"product","link":"https:\/\/worthspark.com\/fr\/produit\/22100\/","title":{"rendered":"Tapis de souris de chargement sans fil"},"content":{"rendered":"<p><strong>Tapis de souris de chargement sans fil<\/strong><\/p>\n<p>Il s&#039;agit d&#039;un chargeur sans fil et \u00e9galement d&#039;un tapis de souris, vous permettant de charger tout en agissant comme un tapis de souris, ce qui rend le bureau plus simple. De plus, il peut \u00eatre utilis\u00e9 comme support de t\u00e9l\u00e9phone portable<\/p>\n<p>&nbsp;<\/p>\n<p>&nbsp;<\/p>","protected":false},"excerpt":{"rendered":"<div data-zone-id=\"0\" data-line-index=\"1\">Mod\u00e8le de produits : WIC028<\/div>\n<div data-zone-id=\"0\" data-line-index=\"1\">Mat\u00e9riel: PU + mat\u00e9riau en fibre<\/div>\n<div data-zone-id=\"0\" data-line-index=\"2\">Taille: 300*215mm<\/div>\n<div data-zone-id=\"0\" data-line-index=\"3\">Poids net : 85g<\/div>\n<div data-zone-id=\"0\" data-line-index=\"4\">Norme\u00a0: Qi<\/div>\n<div data-zone-id=\"0\" data-line-index=\"5\">Efficacit\u00e9 de conversion : 78%<\/div>\n<div data-zone-id=\"0\" data-line-index=\"6\">Entr\u00e9e\u00a0: CC 5\u00a0V\/2\u00a0A, 9\u00a0V\/2,0\u00a0A<\/div>\n<div data-zone-id=\"0\" data-line-index=\"7\">Sortie\u00a0: CC 5\u00a0V\/1\u00a0A, 7,5\u00a0V\/1,0\u00a0A, 9,06\u00a0V\/1,01\u00a0A<\/div>\n<div data-zone-id=\"0\" data-line-index=\"8\">Distance de transmission\u00a0:\u00a02-8\u00a0mm<\/div>\n<div data-zone-id=\"0\" data-line-index=\"9\">Produits pris en charge\u00a0: compatible avec les produits standard de la technologie de charge sans fil Qi<\/div>\n<div data-zone-id=\"0\" data-line-index=\"10\">Logo:Logo personnalis\u00e9<\/div>\n<div data-zone-id=\"0\" data-line-index=\"11\">Certificat : CE, FCC ROHS<\/div>","protected":false},"featured_media":22101,"template":"","meta":[],"product_cat":[124,139],"product_tag":[],"_links":{"self":[{"href":"https:\/\/worthspark.com\/fr\/wp-json\/wp\/v2\/product\/22100"}],"collection":[{"href":"https:\/\/worthspark.com\/fr\/wp-json\/wp\/v2\/product"}],"about":[{"href":"https:\/\/worthspark.com\/fr\/wp-json\/wp\/v2\/types\/product"}],"wp:featuredmedia":[{"embeddable":true,"href":"https:\/\/worthspark.com\/fr\/wp-json\/wp\/v2\/media\/22101"}],"wp:attachment":[{"href":"https:\/\/worthspark.com\/fr\/wp-json\/wp\/v2\/media?parent=22100"}],"wp:term":[{"taxonomy":"product_cat","embeddable":true,"href":"https:\/\/worthspark.com\/fr\/wp-json\/wp\/v2\/product_cat?post=22100"},{"taxonomy":"product_tag","embeddable":true,"href":"https:\/\/worthspark.com\/fr\/wp-json\/wp\/v2\/product_tag?post=22100"}],"curies":[{"name":"wp","href":"https:\/\/api.w.org\/{rel}","templated":true}]}}