{"id":22106,"date":"2021-10-16T17:00:54","date_gmt":"2021-10-16T09:00:54","guid":{"rendered":"https:\/\/worthspark.com\/?post_type=product&#038;p=22106"},"modified":"2021-11-10T16:13:54","modified_gmt":"2021-11-10T08:13:54","slug":"pen-holder-wireless-charger","status":"publish","type":"product","link":"https:\/\/worthspark.com\/fr\/produit\/pen-holder-wireless-charger\/","title":{"rendered":"Chargeur sans fil pour t\u00e9l\u00e9phone avec porte-stylo"},"content":{"rendered":"<div data-zone-id=\"0\" data-line-index=\"0\"><strong>Chargeur de t\u00e9l\u00e9phone portable porte-stylo<\/strong><\/div>\n<div data-zone-id=\"0\" data-line-index=\"0\">\u00a0 Il s&#039;agit d&#039;un chargeur sans fil multifonctionnel qui peut charger votre t\u00e9l\u00e9phone tout en mettant des stylos et d&#039;autres fournitures de bureau, rendant votre bureau plus rang\u00e9. Compatible avec le t\u00e9l\u00e9phone standard de la technologie de charge sans fil Qi. Bienvenue \u00e0 consulter et \u00e0 personnaliser.<\/div>","protected":false},"excerpt":{"rendered":"<div data-zone-id=\"0\" data-line-index=\"0\">\n<div data-zone-id=\"0\" data-line-index=\"0\">Mod\u00e8le de produits : WIC029<\/div>\n<div data-zone-id=\"0\" data-line-index=\"0\">Mat\u00e9riel: ABS<\/div>\n<div data-zone-id=\"0\" data-line-index=\"1\">Taille: 176*80*100mm<\/div>\n<div data-zone-id=\"0\" data-line-index=\"2\">Poids net : 176g<\/div>\n<div data-zone-id=\"0\" data-line-index=\"3\">Norme\u00a0: Qi<\/div>\n<div data-zone-id=\"0\" data-line-index=\"4\">Efficacit\u00e9 de conversion : 78%<\/div>\n<div data-zone-id=\"0\" data-line-index=\"5\">Entr\u00e9e\u00a0: CC 5\u00a0V\/2\u00a0A, 9\u00a0V\/2,0\u00a0A<\/div>\n<div data-zone-id=\"0\" data-line-index=\"6\">Sortie\u00a0: CC 5\u00a0V\/1\u00a0A, 7,5\u00a0V\/1,0\u00a0A, 9,06\u00a0V\/1,01\u00a0A<\/div>\n<div data-zone-id=\"0\" data-line-index=\"7\">Distance de transmission\u00a0:\u00a02-8\u00a0mm<\/div>\n<div data-zone-id=\"0\" data-line-index=\"9\">Logo:Logo personnalis\u00e9<\/div>\n<div data-zone-id=\"0\" data-line-index=\"10\">Certificat : CE, FCC ROHS<\/div>\n<\/div>","protected":false},"featured_media":22107,"template":"","meta":[],"product_cat":[124,139],"product_tag":[],"_links":{"self":[{"href":"https:\/\/worthspark.com\/fr\/wp-json\/wp\/v2\/product\/22106"}],"collection":[{"href":"https:\/\/worthspark.com\/fr\/wp-json\/wp\/v2\/product"}],"about":[{"href":"https:\/\/worthspark.com\/fr\/wp-json\/wp\/v2\/types\/product"}],"wp:featuredmedia":[{"embeddable":true,"href":"https:\/\/worthspark.com\/fr\/wp-json\/wp\/v2\/media\/22107"}],"wp:attachment":[{"href":"https:\/\/worthspark.com\/fr\/wp-json\/wp\/v2\/media?parent=22106"}],"wp:term":[{"taxonomy":"product_cat","embeddable":true,"href":"https:\/\/worthspark.com\/fr\/wp-json\/wp\/v2\/product_cat?post=22106"},{"taxonomy":"product_tag","embeddable":true,"href":"https:\/\/worthspark.com\/fr\/wp-json\/wp\/v2\/product_tag?post=22106"}],"curies":[{"name":"wp","href":"https:\/\/api.w.org\/{rel}","templated":true}]}}